{"id":11394,"date":"2023-10-03T14:32:39","date_gmt":"2023-10-03T14:32:39","guid":{"rendered":"https:\/\/officeplan.pt\/pt\/?post_type=product&#038;p=11394"},"modified":"2023-10-03T14:32:39","modified_gmt":"2023-10-03T14:32:39","slug":"cadeira-acer","status":"publish","type":"product","link":"https:\/\/officeplan.pt\/pt\/produto\/cadeira-acer\/","title":{"rendered":"Cadeira Acer+"},"content":{"rendered":"<p>Cadeira Acer+ de costa alta branca com base de aluminio polido e rodas de borracha, bra\u00e7os em alum\u00ednio e mecanismo de eleva\u00e7\u00e3o oscilante avan\u00e7ado.<\/p>\n<p>Para outras configura\u00e7\u00f5es, cores e revestimentos pre\u00e7os sob consulta.<\/p>\n","protected":false},"excerpt":{"rendered":"<p>Cadeira Acer+ de costa alta branca com base de aluminio polido e rodas de borracha, bra\u00e7os em alum\u00ednio e mecanismo<\/p>\n","protected":false},"featured_media":11398,"template":"","meta":[],"product_brand":[],"product_cat":[106,107,105],"product_tag":[151,530],"class_list":{"0":"post-11394","1":"product","2":"type-product","3":"status-publish","4":"has-post-thumbnail","6":"product_cat-cadeira-direcao","7":"product_cat-cadeira-operativa","8":"product_cat-cadeiras","9":"product_tag-cadeira","10":"product_tag-escritorio","12":"first","13":"instock","14":"taxable","15":"shipping-taxable","16":"purchasable","17":"product-type-simple"},"aioseo_notices":[],"jetpack_sharing_enabled":true,"_links":{"self":[{"href":"https:\/\/officeplan.pt\/pt\/wp-json\/wp\/v2\/product\/11394","targetHints":{"allow":["GET"]}}],"collection":[{"href":"https:\/\/officeplan.pt\/pt\/wp-json\/wp\/v2\/product"}],"about":[{"href":"https:\/\/officeplan.pt\/pt\/wp-json\/wp\/v2\/types\/product"}],"version-history":[{"count":1,"href":"https:\/\/officeplan.pt\/pt\/wp-json\/wp\/v2\/product\/11394\/revisions"}],"predecessor-version":[{"id":11399,"href":"https:\/\/officeplan.pt\/pt\/wp-json\/wp\/v2\/product\/11394\/revisions\/11399"}],"wp:featuredmedia":[{"embeddable":true,"href":"https:\/\/officeplan.pt\/pt\/wp-json\/wp\/v2\/media\/11398"}],"wp:attachment":[{"href":"https:\/\/officeplan.pt\/pt\/wp-json\/wp\/v2\/media?parent=11394"}],"wp:term":[{"taxonomy":"product_brand","embeddable":true,"href":"https:\/\/officeplan.pt\/pt\/wp-json\/wp\/v2\/product_brand?post=11394"},{"taxonomy":"product_cat","embeddable":true,"href":"https:\/\/officeplan.pt\/pt\/wp-json\/wp\/v2\/product_cat?post=11394"},{"taxonomy":"product_tag","embeddable":true,"href":"https:\/\/officeplan.pt\/pt\/wp-json\/wp\/v2\/product_tag?post=11394"}],"curies":[{"name":"wp","href":"https:\/\/api.w.org\/{rel}","templated":true}]}}