{"id":11400,"date":"2023-10-03T14:46:56","date_gmt":"2023-10-03T14:46:56","guid":{"rendered":"https:\/\/officeplan.pt\/pt\/?post_type=product&#038;p=11400"},"modified":"2023-10-03T14:46:56","modified_gmt":"2023-10-03T14:46:56","slug":"cadeira-x-light","status":"publish","type":"product","link":"https:\/\/officeplan.pt\/pt\/produto\/cadeira-x-light\/","title":{"rendered":"Cadeira X-Light"},"content":{"rendered":"<p>Cadeira X-Light de costa alta com base em aluminio polido, rodas de borracha e bra\u00e7os em nylon com mecanismo de eleva\u00e7\u00e3o de bra\u00e7o oscilante avan\u00e7ado.<\/p>\n<p>Para outras configura\u00e7\u00f5es, cores e revestimentos pre\u00e7os sob consulta.<\/p>\n","protected":false},"excerpt":{"rendered":"<p>Cadeira X-Light de costa alta com base em aluminio polido, rodas de borracha e bra\u00e7os em nylon com mecanismo de<\/p>\n","protected":false},"featured_media":11403,"template":"","meta":[],"product_brand":[],"product_cat":[107,105],"product_tag":[151,530],"class_list":{"0":"post-11400","1":"product","2":"type-product","3":"status-publish","4":"has-post-thumbnail","6":"product_cat-cadeira-operativa","7":"product_cat-cadeiras","8":"product_tag-cadeira","9":"product_tag-escritorio","11":"first","12":"instock","13":"taxable","14":"shipping-taxable","15":"purchasable","16":"product-type-simple"},"aioseo_notices":[],"jetpack_sharing_enabled":true,"_links":{"self":[{"href":"https:\/\/officeplan.pt\/pt\/wp-json\/wp\/v2\/product\/11400","targetHints":{"allow":["GET"]}}],"collection":[{"href":"https:\/\/officeplan.pt\/pt\/wp-json\/wp\/v2\/product"}],"about":[{"href":"https:\/\/officeplan.pt\/pt\/wp-json\/wp\/v2\/types\/product"}],"version-history":[{"count":1,"href":"https:\/\/officeplan.pt\/pt\/wp-json\/wp\/v2\/product\/11400\/revisions"}],"predecessor-version":[{"id":11404,"href":"https:\/\/officeplan.pt\/pt\/wp-json\/wp\/v2\/product\/11400\/revisions\/11404"}],"wp:featuredmedia":[{"embeddable":true,"href":"https:\/\/officeplan.pt\/pt\/wp-json\/wp\/v2\/media\/11403"}],"wp:attachment":[{"href":"https:\/\/officeplan.pt\/pt\/wp-json\/wp\/v2\/media?parent=11400"}],"wp:term":[{"taxonomy":"product_brand","embeddable":true,"href":"https:\/\/officeplan.pt\/pt\/wp-json\/wp\/v2\/product_brand?post=11400"},{"taxonomy":"product_cat","embeddable":true,"href":"https:\/\/officeplan.pt\/pt\/wp-json\/wp\/v2\/product_cat?post=11400"},{"taxonomy":"product_tag","embeddable":true,"href":"https:\/\/officeplan.pt\/pt\/wp-json\/wp\/v2\/product_tag?post=11400"}],"curies":[{"name":"wp","href":"https:\/\/api.w.org\/{rel}","templated":true}]}}