{"id":11405,"date":"2023-10-09T22:46:17","date_gmt":"2023-10-09T22:46:17","guid":{"rendered":"https:\/\/officeplan.pt\/pt\/?post_type=product&#038;p=11405"},"modified":"2023-10-09T22:46:17","modified_gmt":"2023-10-09T22:46:17","slug":"sofa-artik","status":"publish","type":"product","link":"https:\/\/officeplan.pt\/pt\/produto\/sofa-artik\/","title":{"rendered":"Sof\u00e1 Artik"},"content":{"rendered":"<p>Sof\u00e1 Artik de 1 lugar.<\/p>\n<p>Para outras configura\u00e7\u00f5es, cores e revestimentos pre\u00e7os sob consulta.<\/p>\n","protected":false},"excerpt":{"rendered":"<p>Sof\u00e1 Artik de 1 lugar. Para outras configura\u00e7\u00f5es, cores e revestimentos pre\u00e7os sob consulta.<\/p>\n","protected":false},"featured_media":11409,"template":"","meta":[],"product_brand":[],"product_cat":[105,109],"product_tag":[],"class_list":{"0":"post-11405","1":"product","2":"type-product","3":"status-publish","4":"has-post-thumbnail","6":"product_cat-cadeiras","7":"product_cat-sofas-sala-de-espera","9":"first","10":"instock","11":"taxable","12":"shipping-taxable","13":"purchasable","14":"product-type-simple"},"aioseo_notices":[],"jetpack_sharing_enabled":true,"_links":{"self":[{"href":"https:\/\/officeplan.pt\/pt\/wp-json\/wp\/v2\/product\/11405","targetHints":{"allow":["GET"]}}],"collection":[{"href":"https:\/\/officeplan.pt\/pt\/wp-json\/wp\/v2\/product"}],"about":[{"href":"https:\/\/officeplan.pt\/pt\/wp-json\/wp\/v2\/types\/product"}],"version-history":[{"count":1,"href":"https:\/\/officeplan.pt\/pt\/wp-json\/wp\/v2\/product\/11405\/revisions"}],"predecessor-version":[{"id":11412,"href":"https:\/\/officeplan.pt\/pt\/wp-json\/wp\/v2\/product\/11405\/revisions\/11412"}],"wp:featuredmedia":[{"embeddable":true,"href":"https:\/\/officeplan.pt\/pt\/wp-json\/wp\/v2\/media\/11409"}],"wp:attachment":[{"href":"https:\/\/officeplan.pt\/pt\/wp-json\/wp\/v2\/media?parent=11405"}],"wp:term":[{"taxonomy":"product_brand","embeddable":true,"href":"https:\/\/officeplan.pt\/pt\/wp-json\/wp\/v2\/product_brand?post=11405"},{"taxonomy":"product_cat","embeddable":true,"href":"https:\/\/officeplan.pt\/pt\/wp-json\/wp\/v2\/product_cat?post=11405"},{"taxonomy":"product_tag","embeddable":true,"href":"https:\/\/officeplan.pt\/pt\/wp-json\/wp\/v2\/product_tag?post=11405"}],"curies":[{"name":"wp","href":"https:\/\/api.w.org\/{rel}","templated":true}]}}