{"id":11411,"date":"2023-10-09T22:52:08","date_gmt":"2023-10-09T22:52:08","guid":{"rendered":"https:\/\/officeplan.pt\/pt\/?post_type=product&#038;p=11411"},"modified":"2023-10-09T22:52:08","modified_gmt":"2023-10-09T22:52:08","slug":"cadeira-aita","status":"publish","type":"product","link":"https:\/\/officeplan.pt\/pt\/produto\/cadeira-aita\/","title":{"rendered":"Cadeira Aita"},"content":{"rendered":"<p>Cadeira Aita de costa baixa, base girat\u00f3ria em alum\u00ednio polido, rodas de borracha e bra\u00e7os revestidos.<\/p>\n<p>Para outras configura\u00e7\u00f5es, cores e revestimentos pre\u00e7os sob consulta.<\/p>\n","protected":false},"excerpt":{"rendered":"<p>Cadeira Aita de costa baixa, base girat\u00f3ria em alum\u00ednio polido, rodas de borracha e bra\u00e7os revestidos. Para outras configura\u00e7\u00f5es, cores<\/p>\n","protected":false},"featured_media":11416,"template":"","meta":[],"product_brand":[],"product_cat":[105,110],"product_tag":[151,530],"class_list":{"0":"post-11411","1":"product","2":"type-product","3":"status-publish","4":"has-post-thumbnail","6":"product_cat-cadeiras","7":"product_cat-cadeiras-design","8":"product_tag-cadeira","9":"product_tag-escritorio","11":"first","12":"instock","13":"taxable","14":"shipping-taxable","15":"purchasable","16":"product-type-simple"},"aioseo_notices":[],"jetpack_sharing_enabled":true,"_links":{"self":[{"href":"https:\/\/officeplan.pt\/pt\/wp-json\/wp\/v2\/product\/11411","targetHints":{"allow":["GET"]}}],"collection":[{"href":"https:\/\/officeplan.pt\/pt\/wp-json\/wp\/v2\/product"}],"about":[{"href":"https:\/\/officeplan.pt\/pt\/wp-json\/wp\/v2\/types\/product"}],"version-history":[{"count":1,"href":"https:\/\/officeplan.pt\/pt\/wp-json\/wp\/v2\/product\/11411\/revisions"}],"predecessor-version":[{"id":11417,"href":"https:\/\/officeplan.pt\/pt\/wp-json\/wp\/v2\/product\/11411\/revisions\/11417"}],"wp:featuredmedia":[{"embeddable":true,"href":"https:\/\/officeplan.pt\/pt\/wp-json\/wp\/v2\/media\/11416"}],"wp:attachment":[{"href":"https:\/\/officeplan.pt\/pt\/wp-json\/wp\/v2\/media?parent=11411"}],"wp:term":[{"taxonomy":"product_brand","embeddable":true,"href":"https:\/\/officeplan.pt\/pt\/wp-json\/wp\/v2\/product_brand?post=11411"},{"taxonomy":"product_cat","embeddable":true,"href":"https:\/\/officeplan.pt\/pt\/wp-json\/wp\/v2\/product_cat?post=11411"},{"taxonomy":"product_tag","embeddable":true,"href":"https:\/\/officeplan.pt\/pt\/wp-json\/wp\/v2\/product_tag?post=11411"}],"curies":[{"name":"wp","href":"https:\/\/api.w.org\/{rel}","templated":true}]}}