{"id":11432,"date":"2023-10-09T23:04:16","date_gmt":"2023-10-09T23:04:16","guid":{"rendered":"https:\/\/officeplan.pt\/pt\/?post_type=product&#038;p=11432"},"modified":"2023-10-09T23:04:16","modified_gmt":"2023-10-09T23:04:16","slug":"banco-medusa","status":"publish","type":"product","link":"https:\/\/officeplan.pt\/pt\/produto\/banco-medusa\/","title":{"rendered":"Banco Medusa"},"content":{"rendered":"<p>Banco medusa de assento empilh\u00e1vel e p\u00e9s fixos<\/p>\n<p>Para outras configura\u00e7\u00f5es, cores e revestimentos pre\u00e7os sob consulta.<\/p>\n","protected":false},"excerpt":{"rendered":"<p>Banco medusa de assento empilh\u00e1vel e p\u00e9s fixos Para outras configura\u00e7\u00f5es, cores e revestimentos pre\u00e7os sob consulta.<\/p>\n","protected":false},"featured_media":11434,"template":"","meta":[],"product_brand":[],"product_cat":[105],"product_tag":[814,530,388],"class_list":{"0":"post-11432","1":"product","2":"type-product","3":"status-publish","4":"has-post-thumbnail","6":"product_cat-cadeiras","7":"product_tag-banco","8":"product_tag-escritorio","9":"product_tag-sala-de-espera","11":"first","12":"instock","13":"taxable","14":"shipping-taxable","15":"purchasable","16":"product-type-simple"},"aioseo_notices":[],"jetpack_sharing_enabled":true,"_links":{"self":[{"href":"https:\/\/officeplan.pt\/pt\/wp-json\/wp\/v2\/product\/11432","targetHints":{"allow":["GET"]}}],"collection":[{"href":"https:\/\/officeplan.pt\/pt\/wp-json\/wp\/v2\/product"}],"about":[{"href":"https:\/\/officeplan.pt\/pt\/wp-json\/wp\/v2\/types\/product"}],"version-history":[{"count":1,"href":"https:\/\/officeplan.pt\/pt\/wp-json\/wp\/v2\/product\/11432\/revisions"}],"predecessor-version":[{"id":11435,"href":"https:\/\/officeplan.pt\/pt\/wp-json\/wp\/v2\/product\/11432\/revisions\/11435"}],"wp:featuredmedia":[{"embeddable":true,"href":"https:\/\/officeplan.pt\/pt\/wp-json\/wp\/v2\/media\/11434"}],"wp:attachment":[{"href":"https:\/\/officeplan.pt\/pt\/wp-json\/wp\/v2\/media?parent=11432"}],"wp:term":[{"taxonomy":"product_brand","embeddable":true,"href":"https:\/\/officeplan.pt\/pt\/wp-json\/wp\/v2\/product_brand?post=11432"},{"taxonomy":"product_cat","embeddable":true,"href":"https:\/\/officeplan.pt\/pt\/wp-json\/wp\/v2\/product_cat?post=11432"},{"taxonomy":"product_tag","embeddable":true,"href":"https:\/\/officeplan.pt\/pt\/wp-json\/wp\/v2\/product_tag?post=11432"}],"curies":[{"name":"wp","href":"https:\/\/api.w.org\/{rel}","templated":true}]}}