{"id":11465,"date":"2023-10-09T23:33:20","date_gmt":"2023-10-09T23:33:20","guid":{"rendered":"https:\/\/officeplan.pt\/pt\/?post_type=product&#038;p=11465"},"modified":"2023-10-09T23:33:20","modified_gmt":"2023-10-09T23:33:20","slug":"sofa-tempo","status":"publish","type":"product","link":"https:\/\/officeplan.pt\/pt\/produto\/sofa-tempo\/","title":{"rendered":"Sof\u00e1 Tempo"},"content":{"rendered":"<p>Sof\u00e1 Tempo singular com bra\u00e7os e p\u00e9s em preto.<\/p>\n<p>Para outras configura\u00e7\u00f5es, cores e revestimentos pre\u00e7os sob consulta.<br \/>\nBra\u00e7os opcionais.<\/p>\n","protected":false},"excerpt":{"rendered":"<p>Sof\u00e1 Tempo singular com bra\u00e7os e p\u00e9s em preto. Para outras configura\u00e7\u00f5es, cores e revestimentos pre\u00e7os sob consulta. Bra\u00e7os opcionais.<\/p>\n","protected":false},"featured_media":11467,"template":"","meta":[],"product_brand":[],"product_cat":[105,109],"product_tag":[530,145],"class_list":{"0":"post-11465","1":"product","2":"type-product","3":"status-publish","4":"has-post-thumbnail","6":"product_cat-cadeiras","7":"product_cat-sofas-sala-de-espera","8":"product_tag-escritorio","9":"product_tag-sofa","11":"first","12":"instock","13":"taxable","14":"shipping-taxable","15":"purchasable","16":"product-type-simple"},"aioseo_notices":[],"jetpack_sharing_enabled":true,"_links":{"self":[{"href":"https:\/\/officeplan.pt\/pt\/wp-json\/wp\/v2\/product\/11465","targetHints":{"allow":["GET"]}}],"collection":[{"href":"https:\/\/officeplan.pt\/pt\/wp-json\/wp\/v2\/product"}],"about":[{"href":"https:\/\/officeplan.pt\/pt\/wp-json\/wp\/v2\/types\/product"}],"version-history":[{"count":1,"href":"https:\/\/officeplan.pt\/pt\/wp-json\/wp\/v2\/product\/11465\/revisions"}],"predecessor-version":[{"id":11468,"href":"https:\/\/officeplan.pt\/pt\/wp-json\/wp\/v2\/product\/11465\/revisions\/11468"}],"wp:featuredmedia":[{"embeddable":true,"href":"https:\/\/officeplan.pt\/pt\/wp-json\/wp\/v2\/media\/11467"}],"wp:attachment":[{"href":"https:\/\/officeplan.pt\/pt\/wp-json\/wp\/v2\/media?parent=11465"}],"wp:term":[{"taxonomy":"product_brand","embeddable":true,"href":"https:\/\/officeplan.pt\/pt\/wp-json\/wp\/v2\/product_brand?post=11465"},{"taxonomy":"product_cat","embeddable":true,"href":"https:\/\/officeplan.pt\/pt\/wp-json\/wp\/v2\/product_cat?post=11465"},{"taxonomy":"product_tag","embeddable":true,"href":"https:\/\/officeplan.pt\/pt\/wp-json\/wp\/v2\/product_tag?post=11465"}],"curies":[{"name":"wp","href":"https:\/\/api.w.org\/{rel}","templated":true}]}}