{"id":11611,"date":"2023-11-24T16:23:55","date_gmt":"2023-11-24T16:23:55","guid":{"rendered":"https:\/\/officeplan.pt\/pt\/?post_type=product&#038;p=11611"},"modified":"2023-11-24T16:23:55","modified_gmt":"2023-11-24T16:23:55","slug":"cadeira-121b","status":"publish","type":"product","link":"https:\/\/officeplan.pt\/pt\/produto\/cadeira-121b\/","title":{"rendered":"Cadeira 121B"},"content":{"rendered":"<p>Cadeira 121B com bra\u00e7os e estrutura em poli\u00e9ster e acabamento contraplacado.<\/p>\n<p>Para outros acabamentos pre\u00e7o sob consulta.<\/p>\n","protected":false},"excerpt":{"rendered":"<p>Cadeira 121B com bra\u00e7os e estrutura em poli\u00e9ster e acabamento contraplacado. Para outros acabamentos pre\u00e7o sob consulta.<\/p>\n","protected":false},"featured_media":11588,"template":"","meta":[],"product_brand":[],"product_cat":[769,767],"product_tag":[151,701],"class_list":{"0":"post-11611","1":"product","2":"type-product","3":"status-publish","4":"has-post-thumbnail","6":"product_cat-cadeiras-escolares-mobiliario-escolar-mobiliario","7":"product_cat-mobiliario-escolar-mobiliario","8":"product_tag-cadeira","9":"product_tag-escolar","11":"first","12":"instock","13":"taxable","14":"shipping-taxable","15":"purchasable","16":"product-type-simple"},"aioseo_notices":[],"jetpack_sharing_enabled":true,"_links":{"self":[{"href":"https:\/\/officeplan.pt\/pt\/wp-json\/wp\/v2\/product\/11611","targetHints":{"allow":["GET"]}}],"collection":[{"href":"https:\/\/officeplan.pt\/pt\/wp-json\/wp\/v2\/product"}],"about":[{"href":"https:\/\/officeplan.pt\/pt\/wp-json\/wp\/v2\/types\/product"}],"version-history":[{"count":1,"href":"https:\/\/officeplan.pt\/pt\/wp-json\/wp\/v2\/product\/11611\/revisions"}],"predecessor-version":[{"id":11612,"href":"https:\/\/officeplan.pt\/pt\/wp-json\/wp\/v2\/product\/11611\/revisions\/11612"}],"wp:featuredmedia":[{"embeddable":true,"href":"https:\/\/officeplan.pt\/pt\/wp-json\/wp\/v2\/media\/11588"}],"wp:attachment":[{"href":"https:\/\/officeplan.pt\/pt\/wp-json\/wp\/v2\/media?parent=11611"}],"wp:term":[{"taxonomy":"product_brand","embeddable":true,"href":"https:\/\/officeplan.pt\/pt\/wp-json\/wp\/v2\/product_brand?post=11611"},{"taxonomy":"product_cat","embeddable":true,"href":"https:\/\/officeplan.pt\/pt\/wp-json\/wp\/v2\/product_cat?post=11611"},{"taxonomy":"product_tag","embeddable":true,"href":"https:\/\/officeplan.pt\/pt\/wp-json\/wp\/v2\/product_tag?post=11611"}],"curies":[{"name":"wp","href":"https:\/\/api.w.org\/{rel}","templated":true}]}}