{"id":11618,"date":"2023-11-24T16:40:43","date_gmt":"2023-11-24T16:40:43","guid":{"rendered":"https:\/\/officeplan.pt\/pt\/?post_type=product&#038;p=11618"},"modified":"2023-11-24T16:40:44","modified_gmt":"2023-11-24T16:40:44","slug":"cadeira-121epb","status":"publish","type":"product","link":"https:\/\/officeplan.pt\/pt\/produto\/cadeira-121epb\/","title":{"rendered":"Cadeira 121EPB"},"content":{"rendered":"<p>Cadeira 121EPB com bra\u00e7os, palmat\u00f3ria e estrutura em poli\u00e9ster e acabamento estofado.<\/p>\n<p>Para outros acabamentos pre\u00e7o sob consulta.<\/p>\n","protected":false},"excerpt":{"rendered":"<p>Cadeira 121EPB com bra\u00e7os, palmat\u00f3ria e estrutura em poli\u00e9ster e acabamento estofado. Para outros acabamentos pre\u00e7o sob consulta.<\/p>\n","protected":false},"featured_media":11585,"template":"","meta":[],"product_brand":[],"product_cat":[769,767],"product_tag":[],"class_list":{"0":"post-11618","1":"product","2":"type-product","3":"status-publish","4":"has-post-thumbnail","6":"product_cat-cadeiras-escolares-mobiliario-escolar-mobiliario","7":"product_cat-mobiliario-escolar-mobiliario","9":"first","10":"instock","11":"taxable","12":"shipping-taxable","13":"purchasable","14":"product-type-simple"},"aioseo_notices":[],"jetpack_sharing_enabled":true,"_links":{"self":[{"href":"https:\/\/officeplan.pt\/pt\/wp-json\/wp\/v2\/product\/11618","targetHints":{"allow":["GET"]}}],"collection":[{"href":"https:\/\/officeplan.pt\/pt\/wp-json\/wp\/v2\/product"}],"about":[{"href":"https:\/\/officeplan.pt\/pt\/wp-json\/wp\/v2\/types\/product"}],"version-history":[{"count":1,"href":"https:\/\/officeplan.pt\/pt\/wp-json\/wp\/v2\/product\/11618\/revisions"}],"predecessor-version":[{"id":11619,"href":"https:\/\/officeplan.pt\/pt\/wp-json\/wp\/v2\/product\/11618\/revisions\/11619"}],"wp:featuredmedia":[{"embeddable":true,"href":"https:\/\/officeplan.pt\/pt\/wp-json\/wp\/v2\/media\/11585"}],"wp:attachment":[{"href":"https:\/\/officeplan.pt\/pt\/wp-json\/wp\/v2\/media?parent=11618"}],"wp:term":[{"taxonomy":"product_brand","embeddable":true,"href":"https:\/\/officeplan.pt\/pt\/wp-json\/wp\/v2\/product_brand?post=11618"},{"taxonomy":"product_cat","embeddable":true,"href":"https:\/\/officeplan.pt\/pt\/wp-json\/wp\/v2\/product_cat?post=11618"},{"taxonomy":"product_tag","embeddable":true,"href":"https:\/\/officeplan.pt\/pt\/wp-json\/wp\/v2\/product_tag?post=11618"}],"curies":[{"name":"wp","href":"https:\/\/api.w.org\/{rel}","templated":true}]}}