{"id":11620,"date":"2023-11-24T16:46:11","date_gmt":"2023-11-24T16:46:11","guid":{"rendered":"https:\/\/officeplan.pt\/pt\/?post_type=product&#038;p=11620"},"modified":"2023-11-24T16:46:11","modified_gmt":"2023-11-24T16:46:11","slug":"cadeira-121eb","status":"publish","type":"product","link":"https:\/\/officeplan.pt\/pt\/produto\/cadeira-121eb\/","title":{"rendered":"Cadeira 121EB"},"content":{"rendered":"<p>Cadeira 121EB com bra\u00e7os e estrutura em poli\u00e9ster e acabamento estofado.<\/p>\n<p>Para outros acabamentos pre\u00e7o sob consulta.<\/p>\n","protected":false},"excerpt":{"rendered":"<p>Cadeira 121EB com bra\u00e7os e estrutura em poli\u00e9ster e acabamento estofado. Para outros acabamentos pre\u00e7o sob consulta.<\/p>\n","protected":false},"featured_media":11584,"template":"","meta":[],"product_brand":[],"product_cat":[769,767],"product_tag":[151,701],"class_list":{"0":"post-11620","1":"product","2":"type-product","3":"status-publish","4":"has-post-thumbnail","6":"product_cat-cadeiras-escolares-mobiliario-escolar-mobiliario","7":"product_cat-mobiliario-escolar-mobiliario","8":"product_tag-cadeira","9":"product_tag-escolar","11":"first","12":"instock","13":"taxable","14":"shipping-taxable","15":"purchasable","16":"product-type-simple"},"aioseo_notices":[],"jetpack_sharing_enabled":true,"_links":{"self":[{"href":"https:\/\/officeplan.pt\/pt\/wp-json\/wp\/v2\/product\/11620","targetHints":{"allow":["GET"]}}],"collection":[{"href":"https:\/\/officeplan.pt\/pt\/wp-json\/wp\/v2\/product"}],"about":[{"href":"https:\/\/officeplan.pt\/pt\/wp-json\/wp\/v2\/types\/product"}],"version-history":[{"count":1,"href":"https:\/\/officeplan.pt\/pt\/wp-json\/wp\/v2\/product\/11620\/revisions"}],"predecessor-version":[{"id":11621,"href":"https:\/\/officeplan.pt\/pt\/wp-json\/wp\/v2\/product\/11620\/revisions\/11621"}],"wp:featuredmedia":[{"embeddable":true,"href":"https:\/\/officeplan.pt\/pt\/wp-json\/wp\/v2\/media\/11584"}],"wp:attachment":[{"href":"https:\/\/officeplan.pt\/pt\/wp-json\/wp\/v2\/media?parent=11620"}],"wp:term":[{"taxonomy":"product_brand","embeddable":true,"href":"https:\/\/officeplan.pt\/pt\/wp-json\/wp\/v2\/product_brand?post=11620"},{"taxonomy":"product_cat","embeddable":true,"href":"https:\/\/officeplan.pt\/pt\/wp-json\/wp\/v2\/product_cat?post=11620"},{"taxonomy":"product_tag","embeddable":true,"href":"https:\/\/officeplan.pt\/pt\/wp-json\/wp\/v2\/product_tag?post=11620"}],"curies":[{"name":"wp","href":"https:\/\/api.w.org\/{rel}","templated":true}]}}