{"id":11843,"date":"2023-12-13T16:34:26","date_gmt":"2023-12-13T16:34:26","guid":{"rendered":"https:\/\/officeplan.pt\/pt\/?post_type=product&#038;p=11843"},"modified":"2023-12-13T16:34:27","modified_gmt":"2023-12-13T16:34:27","slug":"mesa-746","status":"publish","type":"product","link":"https:\/\/officeplan.pt\/pt\/produto\/mesa-746\/","title":{"rendered":"Mesa 746"},"content":{"rendered":"<p>Mesa escolar com estrutura em poli\u00e9ster e tampo 1200&#215;600 mm termolaminado com orla PVC (2mm)<\/p>\n<p>Para outras cores e configura\u00e7\u00f5es pre\u00e7o sob consulta.<\/p>\n","protected":false},"excerpt":{"rendered":"<p>Mesa escolar com estrutura em poli\u00e9ster e tampo 1200&#215;600 mm termolaminado com orla PVC (2mm) Para outras cores e configura\u00e7\u00f5es<\/p>\n","protected":false},"featured_media":11829,"template":"","meta":[],"product_brand":[],"product_cat":[768,767],"product_tag":[701,148],"class_list":{"0":"post-11843","1":"product","2":"type-product","3":"status-publish","4":"has-post-thumbnail","6":"product_cat-mesas-escolares-mobiliario-escolar-mobiliario","7":"product_cat-mobiliario-escolar-mobiliario","8":"product_tag-escolar","9":"product_tag-mesa","11":"first","12":"instock","13":"taxable","14":"shipping-taxable","15":"purchasable","16":"product-type-simple"},"aioseo_notices":[],"jetpack_sharing_enabled":true,"_links":{"self":[{"href":"https:\/\/officeplan.pt\/pt\/wp-json\/wp\/v2\/product\/11843","targetHints":{"allow":["GET"]}}],"collection":[{"href":"https:\/\/officeplan.pt\/pt\/wp-json\/wp\/v2\/product"}],"about":[{"href":"https:\/\/officeplan.pt\/pt\/wp-json\/wp\/v2\/types\/product"}],"version-history":[{"count":1,"href":"https:\/\/officeplan.pt\/pt\/wp-json\/wp\/v2\/product\/11843\/revisions"}],"predecessor-version":[{"id":11844,"href":"https:\/\/officeplan.pt\/pt\/wp-json\/wp\/v2\/product\/11843\/revisions\/11844"}],"wp:featuredmedia":[{"embeddable":true,"href":"https:\/\/officeplan.pt\/pt\/wp-json\/wp\/v2\/media\/11829"}],"wp:attachment":[{"href":"https:\/\/officeplan.pt\/pt\/wp-json\/wp\/v2\/media?parent=11843"}],"wp:term":[{"taxonomy":"product_brand","embeddable":true,"href":"https:\/\/officeplan.pt\/pt\/wp-json\/wp\/v2\/product_brand?post=11843"},{"taxonomy":"product_cat","embeddable":true,"href":"https:\/\/officeplan.pt\/pt\/wp-json\/wp\/v2\/product_cat?post=11843"},{"taxonomy":"product_tag","embeddable":true,"href":"https:\/\/officeplan.pt\/pt\/wp-json\/wp\/v2\/product_tag?post=11843"}],"curies":[{"name":"wp","href":"https:\/\/api.w.org\/{rel}","templated":true}]}}