{"id":11908,"date":"2023-12-14T16:59:26","date_gmt":"2023-12-14T16:59:26","guid":{"rendered":"https:\/\/officeplan.pt\/pt\/?post_type=product&#038;p=11908"},"modified":"2023-12-14T16:59:26","modified_gmt":"2023-12-14T16:59:26","slug":"mesa-888","status":"publish","type":"product","link":"https:\/\/officeplan.pt\/pt\/produto\/mesa-888\/","title":{"rendered":"Mesa 888"},"content":{"rendered":"<p>Mesa escolar com estrutura em poli\u00e9ster e tampo \u00f81000 mm termolaminado com orla PVC (2mm)<\/p>\n<p>Para outras cores, tamanhos configura\u00e7\u00f5es pre\u00e7o sob consulta.<\/p>\n","protected":false},"excerpt":{"rendered":"<p>Mesa escolar com estrutura em poli\u00e9ster e tampo \u00f81000 mm termolaminado com orla PVC (2mm) Para outras cores, tamanhos configura\u00e7\u00f5es<\/p>\n","protected":false},"featured_media":11786,"template":"","meta":[],"product_brand":[],"product_cat":[768,767],"product_tag":[701,148],"class_list":{"0":"post-11908","1":"product","2":"type-product","3":"status-publish","4":"has-post-thumbnail","6":"product_cat-mesas-escolares-mobiliario-escolar-mobiliario","7":"product_cat-mobiliario-escolar-mobiliario","8":"product_tag-escolar","9":"product_tag-mesa","11":"first","12":"instock","13":"taxable","14":"shipping-taxable","15":"purchasable","16":"product-type-simple"},"aioseo_notices":[],"jetpack_sharing_enabled":true,"_links":{"self":[{"href":"https:\/\/officeplan.pt\/pt\/wp-json\/wp\/v2\/product\/11908","targetHints":{"allow":["GET"]}}],"collection":[{"href":"https:\/\/officeplan.pt\/pt\/wp-json\/wp\/v2\/product"}],"about":[{"href":"https:\/\/officeplan.pt\/pt\/wp-json\/wp\/v2\/types\/product"}],"version-history":[{"count":1,"href":"https:\/\/officeplan.pt\/pt\/wp-json\/wp\/v2\/product\/11908\/revisions"}],"predecessor-version":[{"id":11909,"href":"https:\/\/officeplan.pt\/pt\/wp-json\/wp\/v2\/product\/11908\/revisions\/11909"}],"wp:featuredmedia":[{"embeddable":true,"href":"https:\/\/officeplan.pt\/pt\/wp-json\/wp\/v2\/media\/11786"}],"wp:attachment":[{"href":"https:\/\/officeplan.pt\/pt\/wp-json\/wp\/v2\/media?parent=11908"}],"wp:term":[{"taxonomy":"product_brand","embeddable":true,"href":"https:\/\/officeplan.pt\/pt\/wp-json\/wp\/v2\/product_brand?post=11908"},{"taxonomy":"product_cat","embeddable":true,"href":"https:\/\/officeplan.pt\/pt\/wp-json\/wp\/v2\/product_cat?post=11908"},{"taxonomy":"product_tag","embeddable":true,"href":"https:\/\/officeplan.pt\/pt\/wp-json\/wp\/v2\/product_tag?post=11908"}],"curies":[{"name":"wp","href":"https:\/\/api.w.org\/{rel}","templated":true}]}}