{"id":12022,"date":"2023-12-20T13:39:42","date_gmt":"2023-12-20T13:39:42","guid":{"rendered":"https:\/\/officeplan.pt\/pt\/?post_type=product&#038;p=12022"},"modified":"2023-12-20T13:39:42","modified_gmt":"2023-12-20T13:39:42","slug":"mesa-900","status":"publish","type":"product","link":"https:\/\/officeplan.pt\/pt\/produto\/mesa-900\/","title":{"rendered":"Mesa 900"},"content":{"rendered":"<p>Mesa escolar com estrutura em poli\u00e9ster e tampo \u00f81300 mm Aglom. laminado com orla PVC fino (22mm)<\/p>\n<p>Para outras cores, tamanhos configura\u00e7\u00f5es pre\u00e7o sob consulta.<\/p>\n","protected":false},"excerpt":{"rendered":"<p>Mesa escolar com estrutura em poli\u00e9ster e tampo \u00f81300 mm Aglom. laminado com orla PVC fino (22mm) Para outras cores,<\/p>\n","protected":false},"featured_media":12020,"template":"","meta":[],"product_brand":[],"product_cat":[768,767],"product_tag":[701,148],"class_list":{"0":"post-12022","1":"product","2":"type-product","3":"status-publish","4":"has-post-thumbnail","6":"product_cat-mesas-escolares-mobiliario-escolar-mobiliario","7":"product_cat-mobiliario-escolar-mobiliario","8":"product_tag-escolar","9":"product_tag-mesa","11":"first","12":"instock","13":"taxable","14":"shipping-taxable","15":"purchasable","16":"product-type-simple"},"aioseo_notices":[],"jetpack_sharing_enabled":true,"_links":{"self":[{"href":"https:\/\/officeplan.pt\/pt\/wp-json\/wp\/v2\/product\/12022","targetHints":{"allow":["GET"]}}],"collection":[{"href":"https:\/\/officeplan.pt\/pt\/wp-json\/wp\/v2\/product"}],"about":[{"href":"https:\/\/officeplan.pt\/pt\/wp-json\/wp\/v2\/types\/product"}],"version-history":[{"count":1,"href":"https:\/\/officeplan.pt\/pt\/wp-json\/wp\/v2\/product\/12022\/revisions"}],"predecessor-version":[{"id":12023,"href":"https:\/\/officeplan.pt\/pt\/wp-json\/wp\/v2\/product\/12022\/revisions\/12023"}],"wp:featuredmedia":[{"embeddable":true,"href":"https:\/\/officeplan.pt\/pt\/wp-json\/wp\/v2\/media\/12020"}],"wp:attachment":[{"href":"https:\/\/officeplan.pt\/pt\/wp-json\/wp\/v2\/media?parent=12022"}],"wp:term":[{"taxonomy":"product_brand","embeddable":true,"href":"https:\/\/officeplan.pt\/pt\/wp-json\/wp\/v2\/product_brand?post=12022"},{"taxonomy":"product_cat","embeddable":true,"href":"https:\/\/officeplan.pt\/pt\/wp-json\/wp\/v2\/product_cat?post=12022"},{"taxonomy":"product_tag","embeddable":true,"href":"https:\/\/officeplan.pt\/pt\/wp-json\/wp\/v2\/product_tag?post=12022"}],"curies":[{"name":"wp","href":"https:\/\/api.w.org\/{rel}","templated":true}]}}