{"id":12029,"date":"2023-12-20T13:49:48","date_gmt":"2023-12-20T13:49:48","guid":{"rendered":"https:\/\/officeplan.pt\/pt\/?post_type=product&#038;p=12029"},"modified":"2023-12-20T13:49:48","modified_gmt":"2023-12-20T13:49:48","slug":"mesa-905","status":"publish","type":"product","link":"https:\/\/officeplan.pt\/pt\/produto\/mesa-905\/","title":{"rendered":"Mesa 905"},"content":{"rendered":"<p>Mesa escolar com estrutura em poli\u00e9ster e tampo 1200&#215;800 mm termolaminado com orla PVC (2mm)<\/p>\n<p>Para outras cores, tamanhos configura\u00e7\u00f5es pre\u00e7o sob consulta.<\/p>\n","protected":false},"excerpt":{"rendered":"<p>Mesa escolar com estrutura em poli\u00e9ster e tampo 1200&#215;800 mm termolaminado com orla PVC (2mm) Para outras cores, tamanhos configura\u00e7\u00f5es<\/p>\n","protected":false},"featured_media":12018,"template":"","meta":[],"product_brand":[],"product_cat":[768,767],"product_tag":[],"class_list":{"0":"post-12029","1":"product","2":"type-product","3":"status-publish","4":"has-post-thumbnail","6":"product_cat-mesas-escolares-mobiliario-escolar-mobiliario","7":"product_cat-mobiliario-escolar-mobiliario","9":"first","10":"instock","11":"taxable","12":"shipping-taxable","13":"purchasable","14":"product-type-simple"},"aioseo_notices":[],"jetpack_sharing_enabled":true,"_links":{"self":[{"href":"https:\/\/officeplan.pt\/pt\/wp-json\/wp\/v2\/product\/12029","targetHints":{"allow":["GET"]}}],"collection":[{"href":"https:\/\/officeplan.pt\/pt\/wp-json\/wp\/v2\/product"}],"about":[{"href":"https:\/\/officeplan.pt\/pt\/wp-json\/wp\/v2\/types\/product"}],"version-history":[{"count":2,"href":"https:\/\/officeplan.pt\/pt\/wp-json\/wp\/v2\/product\/12029\/revisions"}],"predecessor-version":[{"id":12033,"href":"https:\/\/officeplan.pt\/pt\/wp-json\/wp\/v2\/product\/12029\/revisions\/12033"}],"wp:featuredmedia":[{"embeddable":true,"href":"https:\/\/officeplan.pt\/pt\/wp-json\/wp\/v2\/media\/12018"}],"wp:attachment":[{"href":"https:\/\/officeplan.pt\/pt\/wp-json\/wp\/v2\/media?parent=12029"}],"wp:term":[{"taxonomy":"product_brand","embeddable":true,"href":"https:\/\/officeplan.pt\/pt\/wp-json\/wp\/v2\/product_brand?post=12029"},{"taxonomy":"product_cat","embeddable":true,"href":"https:\/\/officeplan.pt\/pt\/wp-json\/wp\/v2\/product_cat?post=12029"},{"taxonomy":"product_tag","embeddable":true,"href":"https:\/\/officeplan.pt\/pt\/wp-json\/wp\/v2\/product_tag?post=12029"}],"curies":[{"name":"wp","href":"https:\/\/api.w.org\/{rel}","templated":true}]}}