{"id":12087,"date":"2024-01-15T14:30:10","date_gmt":"2024-01-15T14:30:10","guid":{"rendered":"https:\/\/officeplan.pt\/pt\/?post_type=product&#038;p=12087"},"modified":"2024-01-15T14:30:11","modified_gmt":"2024-01-15T14:30:11","slug":"secretaria-aramis","status":"publish","type":"product","link":"https:\/\/officeplan.pt\/pt\/produto\/secretaria-aramis\/","title":{"rendered":"Secret\u00e1ria Aramis"},"content":{"rendered":"<p>Secret\u00e1ria Aramis 1200&#215;650 cinza \/ cinza<\/p>\n<p>Outras dimens\u00f5es dispon\u00edveis:<br \/>\n1400&#215;650<br \/>\n1600&#215;650<br \/>\n1200&#215;800<br \/>\n1400&#215;800<br \/>\n1600&#215;800<\/p>\n<p class=\"x_MsoNormal\">Para as outras dimens\u00f5es, pre\u00e7o sob consulta.<\/p>\n","protected":false},"excerpt":{"rendered":"<p>Secret\u00e1ria Aramis 1200&#215;650 cinza \/ cinza Outras dimens\u00f5es dispon\u00edveis: 1400&#215;650 1600&#215;650 1200&#215;800 1400&#215;800 1600&#215;800 Para as outras dimens\u00f5es, pre\u00e7o sob<\/p>\n","protected":false},"featured_media":12088,"template":"","meta":[],"product_brand":[],"product_cat":[753,754],"product_tag":[530,536],"class_list":{"0":"post-12087","1":"product","2":"type-product","3":"status-publish","4":"has-post-thumbnail","6":"product_cat-mobiliario-de-escritorio-mobiliario","7":"product_cat-mobiliario-direcao-mobiliario-de-escritorio-mobiliario","8":"product_tag-escritorio","9":"product_tag-secretaria","11":"first","12":"instock","13":"taxable","14":"shipping-taxable","15":"purchasable","16":"product-type-simple"},"aioseo_notices":[],"jetpack_sharing_enabled":true,"_links":{"self":[{"href":"https:\/\/officeplan.pt\/pt\/wp-json\/wp\/v2\/product\/12087","targetHints":{"allow":["GET"]}}],"collection":[{"href":"https:\/\/officeplan.pt\/pt\/wp-json\/wp\/v2\/product"}],"about":[{"href":"https:\/\/officeplan.pt\/pt\/wp-json\/wp\/v2\/types\/product"}],"version-history":[{"count":1,"href":"https:\/\/officeplan.pt\/pt\/wp-json\/wp\/v2\/product\/12087\/revisions"}],"predecessor-version":[{"id":12090,"href":"https:\/\/officeplan.pt\/pt\/wp-json\/wp\/v2\/product\/12087\/revisions\/12090"}],"wp:featuredmedia":[{"embeddable":true,"href":"https:\/\/officeplan.pt\/pt\/wp-json\/wp\/v2\/media\/12088"}],"wp:attachment":[{"href":"https:\/\/officeplan.pt\/pt\/wp-json\/wp\/v2\/media?parent=12087"}],"wp:term":[{"taxonomy":"product_brand","embeddable":true,"href":"https:\/\/officeplan.pt\/pt\/wp-json\/wp\/v2\/product_brand?post=12087"},{"taxonomy":"product_cat","embeddable":true,"href":"https:\/\/officeplan.pt\/pt\/wp-json\/wp\/v2\/product_cat?post=12087"},{"taxonomy":"product_tag","embeddable":true,"href":"https:\/\/officeplan.pt\/pt\/wp-json\/wp\/v2\/product_tag?post=12087"}],"curies":[{"name":"wp","href":"https:\/\/api.w.org\/{rel}","templated":true}]}}