{"id":12110,"date":"2024-01-24T16:50:44","date_gmt":"2024-01-24T16:50:44","guid":{"rendered":"https:\/\/officeplan.pt\/pt\/?post_type=product&#038;p=12110"},"modified":"2024-01-24T16:50:45","modified_gmt":"2024-01-24T16:50:45","slug":"secretaria-790","status":"publish","type":"product","link":"https:\/\/officeplan.pt\/pt\/produto\/secretaria-790\/","title":{"rendered":"Secret\u00e1ria 790"},"content":{"rendered":"<p>Secret\u00e1ria escolar com estrutura em poli\u00e9ster e tampo 700&#215;600 termolaminado &#8211; orla PVC (2mm) (subtampos agregados em arame). Aglomerado laminado e canto em PVC.<\/p>\n<p>Para outras cores, tamanhos configura\u00e7\u00f5es pre\u00e7o sob consulta.<\/p>\n","protected":false},"excerpt":{"rendered":"<p>Secret\u00e1ria escolar com estrutura em poli\u00e9ster e tampo 700&#215;600 termolaminado &#8211; orla PVC (2mm) (subtampos agregados em arame). Aglomerado laminado<\/p>\n","protected":false},"featured_media":11995,"template":"","meta":[],"product_brand":[],"product_cat":[768,767],"product_tag":[],"class_list":{"0":"post-12110","1":"product","2":"type-product","3":"status-publish","4":"has-post-thumbnail","6":"product_cat-mesas-escolares-mobiliario-escolar-mobiliario","7":"product_cat-mobiliario-escolar-mobiliario","9":"first","10":"instock","11":"taxable","12":"shipping-taxable","13":"purchasable","14":"product-type-simple"},"aioseo_notices":[],"jetpack_sharing_enabled":true,"_links":{"self":[{"href":"https:\/\/officeplan.pt\/pt\/wp-json\/wp\/v2\/product\/12110","targetHints":{"allow":["GET"]}}],"collection":[{"href":"https:\/\/officeplan.pt\/pt\/wp-json\/wp\/v2\/product"}],"about":[{"href":"https:\/\/officeplan.pt\/pt\/wp-json\/wp\/v2\/types\/product"}],"version-history":[{"count":1,"href":"https:\/\/officeplan.pt\/pt\/wp-json\/wp\/v2\/product\/12110\/revisions"}],"predecessor-version":[{"id":12111,"href":"https:\/\/officeplan.pt\/pt\/wp-json\/wp\/v2\/product\/12110\/revisions\/12111"}],"wp:featuredmedia":[{"embeddable":true,"href":"https:\/\/officeplan.pt\/pt\/wp-json\/wp\/v2\/media\/11995"}],"wp:attachment":[{"href":"https:\/\/officeplan.pt\/pt\/wp-json\/wp\/v2\/media?parent=12110"}],"wp:term":[{"taxonomy":"product_brand","embeddable":true,"href":"https:\/\/officeplan.pt\/pt\/wp-json\/wp\/v2\/product_brand?post=12110"},{"taxonomy":"product_cat","embeddable":true,"href":"https:\/\/officeplan.pt\/pt\/wp-json\/wp\/v2\/product_cat?post=12110"},{"taxonomy":"product_tag","embeddable":true,"href":"https:\/\/officeplan.pt\/pt\/wp-json\/wp\/v2\/product_tag?post=12110"}],"curies":[{"name":"wp","href":"https:\/\/api.w.org\/{rel}","templated":true}]}}