{"id":12114,"date":"2024-01-24T17:14:24","date_gmt":"2024-01-24T17:14:24","guid":{"rendered":"https:\/\/officeplan.pt\/pt\/?post_type=product&#038;p=12114"},"modified":"2024-01-24T17:14:24","modified_gmt":"2024-01-24T17:14:24","slug":"secretaria-792","status":"publish","type":"product","link":"https:\/\/officeplan.pt\/pt\/produto\/secretaria-792\/","title":{"rendered":"Secret\u00e1ria 792"},"content":{"rendered":"<p>Secret\u00e1ria escolar com estrutura em poli\u00e9ster e tampo 700&#215;600 termolaminado &#8211; orla PVC (2mm) . Aglomerado laminado e canto em PVC.<\/p>\n<p>Para outras cores, tamanhos configura\u00e7\u00f5es pre\u00e7o sob consulta.<\/p>\n","protected":false},"excerpt":{"rendered":"<p>Secret\u00e1ria escolar com estrutura em poli\u00e9ster e tampo 700&#215;600 termolaminado &#8211; orla PVC (2mm) . Aglomerado laminado e canto em<\/p>\n","protected":false},"featured_media":11993,"template":"","meta":[],"product_brand":[],"product_cat":[768,767],"product_tag":[701,536],"class_list":{"0":"post-12114","1":"product","2":"type-product","3":"status-publish","4":"has-post-thumbnail","6":"product_cat-mesas-escolares-mobiliario-escolar-mobiliario","7":"product_cat-mobiliario-escolar-mobiliario","8":"product_tag-escolar","9":"product_tag-secretaria","11":"first","12":"instock","13":"taxable","14":"shipping-taxable","15":"purchasable","16":"product-type-simple"},"aioseo_notices":[],"jetpack_sharing_enabled":true,"_links":{"self":[{"href":"https:\/\/officeplan.pt\/pt\/wp-json\/wp\/v2\/product\/12114","targetHints":{"allow":["GET"]}}],"collection":[{"href":"https:\/\/officeplan.pt\/pt\/wp-json\/wp\/v2\/product"}],"about":[{"href":"https:\/\/officeplan.pt\/pt\/wp-json\/wp\/v2\/types\/product"}],"version-history":[{"count":1,"href":"https:\/\/officeplan.pt\/pt\/wp-json\/wp\/v2\/product\/12114\/revisions"}],"predecessor-version":[{"id":12115,"href":"https:\/\/officeplan.pt\/pt\/wp-json\/wp\/v2\/product\/12114\/revisions\/12115"}],"wp:featuredmedia":[{"embeddable":true,"href":"https:\/\/officeplan.pt\/pt\/wp-json\/wp\/v2\/media\/11993"}],"wp:attachment":[{"href":"https:\/\/officeplan.pt\/pt\/wp-json\/wp\/v2\/media?parent=12114"}],"wp:term":[{"taxonomy":"product_brand","embeddable":true,"href":"https:\/\/officeplan.pt\/pt\/wp-json\/wp\/v2\/product_brand?post=12114"},{"taxonomy":"product_cat","embeddable":true,"href":"https:\/\/officeplan.pt\/pt\/wp-json\/wp\/v2\/product_cat?post=12114"},{"taxonomy":"product_tag","embeddable":true,"href":"https:\/\/officeplan.pt\/pt\/wp-json\/wp\/v2\/product_tag?post=12114"}],"curies":[{"name":"wp","href":"https:\/\/api.w.org\/{rel}","templated":true}]}}