{"id":12149,"date":"2024-01-31T17:14:52","date_gmt":"2024-01-31T17:14:52","guid":{"rendered":"https:\/\/officeplan.pt\/pt\/?post_type=product&#038;p=12149"},"modified":"2024-01-31T17:14:53","modified_gmt":"2024-01-31T17:14:53","slug":"banco-622","status":"publish","type":"product","link":"https:\/\/officeplan.pt\/pt\/produto\/banco-622\/","title":{"rendered":"Banco 622"},"content":{"rendered":"<p>Banco escolar 1000&#215;400 com estrutura em poli\u00e9ster e acabamento em madeira de pinho envernizada.<\/p>\n<p>Para outras configura\u00e7\u00f5es pre\u00e7o sob consulta.<\/p>\n","protected":false},"excerpt":{"rendered":"<p>Banco escolar 1000&#215;400 com estrutura em poli\u00e9ster e acabamento em madeira de pinho envernizada. Para outras configura\u00e7\u00f5es pre\u00e7o sob consulta.<\/p>\n","protected":false},"featured_media":11983,"template":"","meta":[],"product_brand":[],"product_cat":[770,767],"product_tag":[814,701,529],"class_list":{"0":"post-12149","1":"product","2":"type-product","3":"status-publish","4":"has-post-thumbnail","6":"product_cat-diversos-escolares-mobiliario-escolar-mobiliario","7":"product_cat-mobiliario-escolar-mobiliario","8":"product_tag-banco","9":"product_tag-escolar","10":"product_tag-mobiliario","12":"first","13":"instock","14":"taxable","15":"shipping-taxable","16":"purchasable","17":"product-type-simple"},"aioseo_notices":[],"jetpack_sharing_enabled":true,"_links":{"self":[{"href":"https:\/\/officeplan.pt\/pt\/wp-json\/wp\/v2\/product\/12149","targetHints":{"allow":["GET"]}}],"collection":[{"href":"https:\/\/officeplan.pt\/pt\/wp-json\/wp\/v2\/product"}],"about":[{"href":"https:\/\/officeplan.pt\/pt\/wp-json\/wp\/v2\/types\/product"}],"version-history":[{"count":1,"href":"https:\/\/officeplan.pt\/pt\/wp-json\/wp\/v2\/product\/12149\/revisions"}],"predecessor-version":[{"id":12150,"href":"https:\/\/officeplan.pt\/pt\/wp-json\/wp\/v2\/product\/12149\/revisions\/12150"}],"wp:featuredmedia":[{"embeddable":true,"href":"https:\/\/officeplan.pt\/pt\/wp-json\/wp\/v2\/media\/11983"}],"wp:attachment":[{"href":"https:\/\/officeplan.pt\/pt\/wp-json\/wp\/v2\/media?parent=12149"}],"wp:term":[{"taxonomy":"product_brand","embeddable":true,"href":"https:\/\/officeplan.pt\/pt\/wp-json\/wp\/v2\/product_brand?post=12149"},{"taxonomy":"product_cat","embeddable":true,"href":"https:\/\/officeplan.pt\/pt\/wp-json\/wp\/v2\/product_cat?post=12149"},{"taxonomy":"product_tag","embeddable":true,"href":"https:\/\/officeplan.pt\/pt\/wp-json\/wp\/v2\/product_tag?post=12149"}],"curies":[{"name":"wp","href":"https:\/\/api.w.org\/{rel}","templated":true}]}}