{"id":12177,"date":"2024-02-15T16:59:52","date_gmt":"2024-02-15T16:59:52","guid":{"rendered":"https:\/\/officeplan.pt\/pt\/?post_type=product&#038;p=12177"},"modified":"2024-02-15T16:59:52","modified_gmt":"2024-02-15T16:59:52","slug":"estante-para-arquivo-tubeco","status":"publish","type":"product","link":"https:\/\/officeplan.pt\/pt\/produto\/estante-para-arquivo-tubeco\/","title":{"rendered":"Estante Para Arquivo Tubeco"},"content":{"rendered":"<p>A estante Tubeco \u00e9 a solu\u00e7\u00e3o perfeita e econ\u00f3mica para armazenar exclusivamente dossiers e pastas de forma eficiente.<\/p>\n<p>Com uma altura de 2000mm e capacidade de 6 n\u00edveis, esta estante proporciona um espa\u00e7o amplo e organizado para acomodar os seus dossiers e pastas.<\/p>\n<p>Com um comprimento\/profundidade de 1000x300mm e capacidade de carga at\u00e9 80kg, \u00e9 ideal para objetos mais leves, como dossiers e pastas. A estante Tubeco \u00e9 fabricada com materiais de alta qualidade, garantindo durabilidade e resist\u00eancia.<\/p>\n<p>A montagem \u00e9 simples e r\u00e1pida, permitindo que organize o seu espa\u00e7o de trabalho de forma pr\u00e1tica. Aproveite a funcionalidade e a economia oferecida pela estante Tubeco para otimizar a organiza\u00e7\u00e3o dos seus dossiers e pastas.<\/p>\n<p>Adquira a sua hoje mesmo e experimente a conveni\u00eancia que ela proporciona.<\/p>\n<p>Possibilidade de acrescentar m\u00f3dulos adicionais com as mesmas medidas.<\/p>\n<p>Capacidade at\u00e9 80 Kg\/placa.<\/p>\n<p>Produto fornecido desmontado.<\/p>\n<p>Indica\u00e7\u00f5es de montagem: sem parafusos nem porcas, a montagem \u00e9 feita com a ajuda de uma maceta n\u00e3o inclu\u00edda.<\/p>\n","protected":false},"excerpt":{"rendered":"<p>A estante Tubeco \u00e9 a solu\u00e7\u00e3o perfeita e econ\u00f3mica para armazenar exclusivamente dossiers e pastas de forma eficiente. Com uma<\/p>\n","protected":false},"featured_media":12168,"template":"","meta":[],"product_brand":[],"product_cat":[759,758],"product_tag":[832,835],"class_list":{"0":"post-12177","1":"product","2":"type-product","3":"status-publish","4":"has-post-thumbnail","6":"product_cat-estantes-ligeiras-estantes-metalicas-mobiliario","7":"product_cat-estantes-metalicas-mobiliario","8":"product_tag-estante","9":"product_tag-ligeira","11":"first","12":"instock","13":"taxable","14":"shipping-taxable","15":"purchasable","16":"product-type-simple"},"aioseo_notices":[],"jetpack_sharing_enabled":true,"_links":{"self":[{"href":"https:\/\/officeplan.pt\/pt\/wp-json\/wp\/v2\/product\/12177","targetHints":{"allow":["GET"]}}],"collection":[{"href":"https:\/\/officeplan.pt\/pt\/wp-json\/wp\/v2\/product"}],"about":[{"href":"https:\/\/officeplan.pt\/pt\/wp-json\/wp\/v2\/types\/product"}],"version-history":[{"count":1,"href":"https:\/\/officeplan.pt\/pt\/wp-json\/wp\/v2\/product\/12177\/revisions"}],"predecessor-version":[{"id":12178,"href":"https:\/\/officeplan.pt\/pt\/wp-json\/wp\/v2\/product\/12177\/revisions\/12178"}],"wp:featuredmedia":[{"embeddable":true,"href":"https:\/\/officeplan.pt\/pt\/wp-json\/wp\/v2\/media\/12168"}],"wp:attachment":[{"href":"https:\/\/officeplan.pt\/pt\/wp-json\/wp\/v2\/media?parent=12177"}],"wp:term":[{"taxonomy":"product_brand","embeddable":true,"href":"https:\/\/officeplan.pt\/pt\/wp-json\/wp\/v2\/product_brand?post=12177"},{"taxonomy":"product_cat","embeddable":true,"href":"https:\/\/officeplan.pt\/pt\/wp-json\/wp\/v2\/product_cat?post=12177"},{"taxonomy":"product_tag","embeddable":true,"href":"https:\/\/officeplan.pt\/pt\/wp-json\/wp\/v2\/product_tag?post=12177"}],"curies":[{"name":"wp","href":"https:\/\/api.w.org\/{rel}","templated":true}]}}