{"id":12194,"date":"2024-02-16T14:51:49","date_gmt":"2024-02-16T14:51:49","guid":{"rendered":"https:\/\/officeplan.pt\/pt\/?post_type=product&#038;p=12194"},"modified":"2024-02-16T14:51:49","modified_gmt":"2024-02-16T14:51:49","slug":"estante-carga-leve","status":"publish","type":"product","link":"https:\/\/officeplan.pt\/pt\/produto\/estante-carga-leve\/","title":{"rendered":"Estante Carga Leve"},"content":{"rendered":"<p><strong>TAMPOS N\u00c3O INCLU\u00cdDOS &#8211; POR FAVOR, ESCOLHA OS SEUS TAMPOS.<\/strong><\/p>\n<p>Sistema de armazenagem multiusos, para cargas ligeiras e m\u00e9dias, de f\u00e1cil montagem, pois todos os componentes s\u00e3o ligados atrav\u00e9s de encaixes r\u00e1pidos, excluindo a utiliza\u00e7\u00e3o de parafusos ou ferramentas.<br \/>\nEstantes que podem ser utilizadas em v\u00e1rios fins, tais como: arquivos, picking ligeiro, arruma\u00e7\u00e3o e exposi\u00e7\u00e3o de caixas, lojas, etc\u2026<br \/>\nA estante pode ser composta por m\u00f3dulo individual ou por v\u00e1rios m\u00f3dulos interligados.<br \/>\nOs pilares s\u00e3o compostos por perfis em C de sec\u00e7\u00e3o 40x20x10, executados em a\u00e7o de 1,25mm de espessura, com acabamento a pintura epoxy.<br \/>\nOs pilares apresentam fura\u00e7\u00e3o de 50 em 50mm, que permite ajustar a altura das prateleiras na mesma medida<br \/>\nNo apoio ao solo consideramos duas sapatas: em pl\u00e1stico (para cargas mais ligeiras) ou met\u00e1licas com fura\u00e7\u00e3o para permitir a fixa\u00e7\u00e3o ao solo atrav\u00e9s de buchas met\u00e1licas.<br \/>\nExistem dois tipos de vigas: longitudinais e transversais.<br \/>\nOs conectores apresentam fura\u00e7\u00e3o dedicada para instala\u00e7\u00e3o de freio de seguran\u00e7a, que desempenha a fun\u00e7\u00e3o de \u201cfus\u00edvel mec\u00e2nico\u201d.<br \/>\nAs travessas de refor\u00e7o, s\u00e3o executadas em perfis quinados, com fura\u00e7\u00e3o para liga\u00e7\u00e3o \u00e0s vigas principais. Estas vigas apresentam ranhuras para instala\u00e7\u00e3o de tubos de refor\u00e7o, de sec\u00e7\u00e3o 20x20mm ou 40x20mm, consoante o sistema utilizado. A utiliza\u00e7\u00e3o destes tubos que garantem maior capacidade de carga e distribui\u00e7\u00e3o mais uniforme por toda a \u00e1rea da prateleira.<br \/>\nOs tubos de refor\u00e7o variam em fun\u00e7\u00e3o da profundidade da estante e carga a armazenar. As prateleiras s\u00e3o os elementos respons\u00e1veis por suportar a mercadoria, que assentam sobre as vigas (longitudinais e transversais) e tubos de refor\u00e7o.<br \/>\nPodem ser em: platex, chapa de a\u00e7o, malha de a\u00e7o eletrossoldada ou PVC. Todos os perfis met\u00e1licos s\u00e3o pintados electrostaticamente a p\u00f3 em linha cont\u00ednua contemplando as seguintes etapas: Desengorduramento, fosfata\u00e7\u00e3o, lavagem, pintura a p\u00f3 com espessura m\u00ednima de 50 \u03bcm e polimeriza\u00e7\u00e3o em estufa a 200\u00baC<\/p>\n","protected":false},"excerpt":{"rendered":"<p>TAMPOS N\u00c3O INCLU\u00cdDOS &#8211; POR FAVOR, ESCOLHA OS SEUS TAMPOS. Sistema de armazenagem multiusos, para cargas ligeiras e m\u00e9dias, de<\/p>\n","protected":false},"featured_media":12195,"template":"","meta":[],"product_brand":[],"product_cat":[759,758],"product_tag":[832,835],"class_list":{"0":"post-12194","1":"product","2":"type-product","3":"status-publish","4":"has-post-thumbnail","6":"product_cat-estantes-ligeiras-estantes-metalicas-mobiliario","7":"product_cat-estantes-metalicas-mobiliario","8":"product_tag-estante","9":"product_tag-ligeira","11":"first","12":"instock","13":"taxable","14":"shipping-taxable","15":"purchasable","16":"product-type-simple"},"aioseo_notices":[],"jetpack_sharing_enabled":true,"_links":{"self":[{"href":"https:\/\/officeplan.pt\/pt\/wp-json\/wp\/v2\/product\/12194","targetHints":{"allow":["GET"]}}],"collection":[{"href":"https:\/\/officeplan.pt\/pt\/wp-json\/wp\/v2\/product"}],"about":[{"href":"https:\/\/officeplan.pt\/pt\/wp-json\/wp\/v2\/types\/product"}],"version-history":[{"count":1,"href":"https:\/\/officeplan.pt\/pt\/wp-json\/wp\/v2\/product\/12194\/revisions"}],"predecessor-version":[{"id":12209,"href":"https:\/\/officeplan.pt\/pt\/wp-json\/wp\/v2\/product\/12194\/revisions\/12209"}],"wp:featuredmedia":[{"embeddable":true,"href":"https:\/\/officeplan.pt\/pt\/wp-json\/wp\/v2\/media\/12195"}],"wp:attachment":[{"href":"https:\/\/officeplan.pt\/pt\/wp-json\/wp\/v2\/media?parent=12194"}],"wp:term":[{"taxonomy":"product_brand","embeddable":true,"href":"https:\/\/officeplan.pt\/pt\/wp-json\/wp\/v2\/product_brand?post=12194"},{"taxonomy":"product_cat","embeddable":true,"href":"https:\/\/officeplan.pt\/pt\/wp-json\/wp\/v2\/product_cat?post=12194"},{"taxonomy":"product_tag","embeddable":true,"href":"https:\/\/officeplan.pt\/pt\/wp-json\/wp\/v2\/product_tag?post=12194"}],"curies":[{"name":"wp","href":"https:\/\/api.w.org\/{rel}","templated":true}]}}