{"id":12236,"date":"2024-02-19T13:39:58","date_gmt":"2024-02-19T13:39:58","guid":{"rendered":"https:\/\/officeplan.pt\/pt\/?post_type=product&#038;p=12236"},"modified":"2024-02-19T13:39:59","modified_gmt":"2024-02-19T13:39:59","slug":"plataforma","status":"publish","type":"product","link":"https:\/\/officeplan.pt\/pt\/produto\/plataforma\/","title":{"rendered":"Plataforma"},"content":{"rendered":"<p><span class=\"fontstyle0\">Perfeita para a expans\u00e3o da sua superf\u00edcie de trabalho linear e em altura. Permite otimizar o layout de edif\u00edcios, armaz\u00e9ns, zonas de reserva, oficinas, mec\u00e2nicas ou armazenagem. Ideal para o layout e a extens\u00e3o de todas as superf\u00edcies de trabalho, escrit\u00f3rios, \u00e1reas operacionais.<\/span><\/p>\n<p><span class=\"fontstyle0\">Menor ocupa\u00e7\u00e3o terrestre<\/span><\/p>\n<p><span class=\"fontstyle0\">Elevada capacidade de armazenamento sob o piso<\/span><\/p>\n<p><span class=\"fontstyle0\">Grande \u00e1rea recuperada no piso<\/span><\/p>\n","protected":false},"excerpt":{"rendered":"<p>Perfeita para a expans\u00e3o da sua superf\u00edcie de trabalho linear e em altura. Permite otimizar o layout de edif\u00edcios, armaz\u00e9ns,<\/p>\n","protected":false},"featured_media":12237,"template":"","meta":[],"product_brand":[],"product_cat":[760,758],"product_tag":[569,838],"class_list":{"0":"post-12236","1":"product","2":"type-product","3":"status-publish","4":"has-post-thumbnail","6":"product_cat-estantes-carga-media-estantes-metalicas-mobiliario","7":"product_cat-estantes-metalicas-mobiliario","8":"product_tag-estantes","9":"product_tag-plataforma","11":"first","12":"instock","13":"taxable","14":"shipping-taxable","15":"purchasable","16":"product-type-simple"},"aioseo_notices":[],"jetpack_sharing_enabled":true,"_links":{"self":[{"href":"https:\/\/officeplan.pt\/pt\/wp-json\/wp\/v2\/product\/12236","targetHints":{"allow":["GET"]}}],"collection":[{"href":"https:\/\/officeplan.pt\/pt\/wp-json\/wp\/v2\/product"}],"about":[{"href":"https:\/\/officeplan.pt\/pt\/wp-json\/wp\/v2\/types\/product"}],"version-history":[{"count":1,"href":"https:\/\/officeplan.pt\/pt\/wp-json\/wp\/v2\/product\/12236\/revisions"}],"predecessor-version":[{"id":12240,"href":"https:\/\/officeplan.pt\/pt\/wp-json\/wp\/v2\/product\/12236\/revisions\/12240"}],"wp:featuredmedia":[{"embeddable":true,"href":"https:\/\/officeplan.pt\/pt\/wp-json\/wp\/v2\/media\/12237"}],"wp:attachment":[{"href":"https:\/\/officeplan.pt\/pt\/wp-json\/wp\/v2\/media?parent=12236"}],"wp:term":[{"taxonomy":"product_brand","embeddable":true,"href":"https:\/\/officeplan.pt\/pt\/wp-json\/wp\/v2\/product_brand?post=12236"},{"taxonomy":"product_cat","embeddable":true,"href":"https:\/\/officeplan.pt\/pt\/wp-json\/wp\/v2\/product_cat?post=12236"},{"taxonomy":"product_tag","embeddable":true,"href":"https:\/\/officeplan.pt\/pt\/wp-json\/wp\/v2\/product_tag?post=12236"}],"curies":[{"name":"wp","href":"https:\/\/api.w.org\/{rel}","templated":true}]}}