{"id":12241,"date":"2024-02-19T13:44:51","date_gmt":"2024-02-19T13:44:51","guid":{"rendered":"https:\/\/officeplan.pt\/pt\/?post_type=product&#038;p=12241"},"modified":"2024-02-19T13:44:52","modified_gmt":"2024-02-19T13:44:52","slug":"mezzanine","status":"publish","type":"product","link":"https:\/\/officeplan.pt\/pt\/produto\/mezzanine\/","title":{"rendered":"Mezzanine"},"content":{"rendered":"<div id=\"product-description-short-174\" class=\"prodes\">\n<p><span class=\"fontstyle0\">Ideal para a expans\u00e3o da sua superf\u00edcie de trabalho log\u00edstica linear e em altura. Permite otimizar o layout de edif\u00edcios industriais, salas industriais, armaz\u00e9ns log\u00edsticos, estruturas de armazenamento de metal, caixas de armazenamento. Solu\u00e7\u00e3o para quem busca o desenvolvimento de todas as superf\u00edcies industriais, semi-industriais, \u00e1reas de opera\u00e7\u00e3o de handling, armazenamento ou arquivo.<\/span><\/p>\n<p><span class=\"fontstyle0\">Ocupa\u00e7\u00e3o terrestre de 20.25 m<\/span><span class=\"fontstyle0\">2<\/span><\/p>\n<p><span class=\"fontstyle0\">Armazenamento sob piso 43.20 m<\/span><span class=\"fontstyle0\">2<\/span><\/p>\n<p><span class=\"fontstyle0\">Arruma\u00e7\u00e3o por n\u00edvel de 60 m<\/span><span class=\"fontstyle0\">2<\/span><\/p>\n<p><span class=\"fontstyle0\">Neste exemplo, a \u00e1rea \u00fatil passa de 20.25 m<\/span><span class=\"fontstyle0\">2\u00a0<\/span><span class=\"fontstyle0\">para 122.90 m<\/span><span class=\"fontstyle0\">2\u00a0<\/span><span class=\"fontstyle0\">(ganho de 507%)<\/span><\/p>\n<\/div>\n<div class=\"product-actions\">\n<form id=\"add-to-cart-or-refresh\" action=\"https:\/\/evoracks.pt\/index.php?controller=cart\" method=\"post\">\n<div class=\"product-variants\">\n<div class=\"clearfix product-variants-item\"><span class=\"control-label\">N\u00edveis<\/span><\/div>\n<\/div>\n<\/form>\n<\/div>\n","protected":false},"excerpt":{"rendered":"<p>Ideal para a expans\u00e3o da sua superf\u00edcie de trabalho log\u00edstica linear e em altura. Permite otimizar o layout de edif\u00edcios<\/p>\n","protected":false},"featured_media":12242,"template":"","meta":[],"product_brand":[],"product_cat":[760,758],"product_tag":[832,839],"class_list":{"0":"post-12241","1":"product","2":"type-product","3":"status-publish","4":"has-post-thumbnail","6":"product_cat-estantes-carga-media-estantes-metalicas-mobiliario","7":"product_cat-estantes-metalicas-mobiliario","8":"product_tag-estante","9":"product_tag-mezzanine","11":"first","12":"instock","13":"taxable","14":"shipping-taxable","15":"purchasable","16":"product-type-simple"},"aioseo_notices":[],"jetpack_sharing_enabled":true,"_links":{"self":[{"href":"https:\/\/officeplan.pt\/pt\/wp-json\/wp\/v2\/product\/12241","targetHints":{"allow":["GET"]}}],"collection":[{"href":"https:\/\/officeplan.pt\/pt\/wp-json\/wp\/v2\/product"}],"about":[{"href":"https:\/\/officeplan.pt\/pt\/wp-json\/wp\/v2\/types\/product"}],"version-history":[{"count":1,"href":"https:\/\/officeplan.pt\/pt\/wp-json\/wp\/v2\/product\/12241\/revisions"}],"predecessor-version":[{"id":12245,"href":"https:\/\/officeplan.pt\/pt\/wp-json\/wp\/v2\/product\/12241\/revisions\/12245"}],"wp:featuredmedia":[{"embeddable":true,"href":"https:\/\/officeplan.pt\/pt\/wp-json\/wp\/v2\/media\/12242"}],"wp:attachment":[{"href":"https:\/\/officeplan.pt\/pt\/wp-json\/wp\/v2\/media?parent=12241"}],"wp:term":[{"taxonomy":"product_brand","embeddable":true,"href":"https:\/\/officeplan.pt\/pt\/wp-json\/wp\/v2\/product_brand?post=12241"},{"taxonomy":"product_cat","embeddable":true,"href":"https:\/\/officeplan.pt\/pt\/wp-json\/wp\/v2\/product_cat?post=12241"},{"taxonomy":"product_tag","embeddable":true,"href":"https:\/\/officeplan.pt\/pt\/wp-json\/wp\/v2\/product_tag?post=12241"}],"curies":[{"name":"wp","href":"https:\/\/api.w.org\/{rel}","templated":true}]}}