{"id":12246,"date":"2024-02-19T13:51:17","date_gmt":"2024-02-19T13:51:17","guid":{"rendered":"https:\/\/officeplan.pt\/pt\/?post_type=product&#038;p=12246"},"modified":"2024-02-19T13:51:18","modified_gmt":"2024-02-19T13:51:18","slug":"estante-arrumacao-vertical","status":"publish","type":"product","link":"https:\/\/officeplan.pt\/pt\/produto\/estante-arrumacao-vertical\/","title":{"rendered":"Estante Arruma\u00e7\u00e3o Vertical"},"content":{"rendered":"<p>Estante para armazenamento vertical de tubos, ripas, perfis, rodap\u00e9s, Vigas, etc.<\/p>\n<p>4 bra\u00e7os de separa\u00e7\u00e3o.<\/p>\n<p style=\"font-weight: 400;\">Sistema evolutivo composto por m\u00f3dulos \u201ciniciais&#8221; e &#8220;seguintes&#8221; que permite o armazenamento vertical de tubos, ripas, perfis, rodap\u00e9s, Vigas, etc.<\/p>\n<p style=\"font-weight: 400;\">Cores: azul ral 5005 p\u00e9s e pilares &#8211; cinza ral 7035 vigas, suportes e travamentos<\/p>\n<p>Altura: 2400mm<\/p>\n<p>Comprimento\/Profundidade: 1500&#215;500<\/p>\n","protected":false},"excerpt":{"rendered":"<p>Estante para armazenamento vertical de tubos, ripas, perfis, rodap\u00e9s, Vigas, etc. 4 bra\u00e7os de separa\u00e7\u00e3o. Sistema evolutivo composto por m\u00f3dulos<\/p>\n","protected":false},"featured_media":12247,"template":"","meta":[],"product_brand":[],"product_cat":[760,758],"product_tag":[836,832],"class_list":{"0":"post-12246","1":"product","2":"type-product","3":"status-publish","4":"has-post-thumbnail","6":"product_cat-estantes-carga-media-estantes-metalicas-mobiliario","7":"product_cat-estantes-metalicas-mobiliario","8":"product_tag-carga-media","9":"product_tag-estante","11":"first","12":"instock","13":"taxable","14":"shipping-taxable","15":"purchasable","16":"product-type-simple"},"aioseo_notices":[],"jetpack_sharing_enabled":true,"_links":{"self":[{"href":"https:\/\/officeplan.pt\/pt\/wp-json\/wp\/v2\/product\/12246","targetHints":{"allow":["GET"]}}],"collection":[{"href":"https:\/\/officeplan.pt\/pt\/wp-json\/wp\/v2\/product"}],"about":[{"href":"https:\/\/officeplan.pt\/pt\/wp-json\/wp\/v2\/types\/product"}],"version-history":[{"count":1,"href":"https:\/\/officeplan.pt\/pt\/wp-json\/wp\/v2\/product\/12246\/revisions"}],"predecessor-version":[{"id":12250,"href":"https:\/\/officeplan.pt\/pt\/wp-json\/wp\/v2\/product\/12246\/revisions\/12250"}],"wp:featuredmedia":[{"embeddable":true,"href":"https:\/\/officeplan.pt\/pt\/wp-json\/wp\/v2\/media\/12247"}],"wp:attachment":[{"href":"https:\/\/officeplan.pt\/pt\/wp-json\/wp\/v2\/media?parent=12246"}],"wp:term":[{"taxonomy":"product_brand","embeddable":true,"href":"https:\/\/officeplan.pt\/pt\/wp-json\/wp\/v2\/product_brand?post=12246"},{"taxonomy":"product_cat","embeddable":true,"href":"https:\/\/officeplan.pt\/pt\/wp-json\/wp\/v2\/product_cat?post=12246"},{"taxonomy":"product_tag","embeddable":true,"href":"https:\/\/officeplan.pt\/pt\/wp-json\/wp\/v2\/product_tag?post=12246"}],"curies":[{"name":"wp","href":"https:\/\/api.w.org\/{rel}","templated":true}]}}