{"id":12251,"date":"2024-02-19T13:53:50","date_gmt":"2024-02-19T13:53:50","guid":{"rendered":"https:\/\/officeplan.pt\/pt\/?post_type=product&#038;p=12251"},"modified":"2024-02-19T13:53:50","modified_gmt":"2024-02-19T13:53:50","slug":"estante-porta-bobinas","status":"publish","type":"product","link":"https:\/\/officeplan.pt\/pt\/produto\/estante-porta-bobinas\/","title":{"rendered":"Estante Porta-Bobinas"},"content":{"rendered":"<div id=\"product-description-short-217\" class=\"prodes\">\n<p>Solu\u00e7\u00e3o especializada para arruma\u00e7\u00e3o de bobinas ou outros materiais em forma de rolo.<\/p>\n<\/div>\n<div class=\"product-actions\">\n<form id=\"add-to-cart-or-refresh\" action=\"https:\/\/evoracks.pt\/index.php?controller=cart\" method=\"post\">\n<div class=\"product-variants\">\n<div class=\"clearfix product-variants-item\">4 N\u00edveis<\/div>\n<div>Altura: 2400mm<\/div>\n<div>Comprimento\/Profundidade: 1000&#215;500<\/div>\n<div>Di\u00e2metro do tubo: 34mm<\/div>\n<\/div>\n<\/form>\n<\/div>\n","protected":false},"excerpt":{"rendered":"<p>Solu\u00e7\u00e3o especializada para arruma\u00e7\u00e3o de bobinas ou outros materiais em forma de rolo. 4 N\u00edveis Altura: 2400mm Comprimento\/Profundidade: 1000&#215;500 Di\u00e2metro<\/p>\n","protected":false},"featured_media":12252,"template":"","meta":[],"product_brand":[],"product_cat":[760,758],"product_tag":[],"class_list":{"0":"post-12251","1":"product","2":"type-product","3":"status-publish","4":"has-post-thumbnail","6":"product_cat-estantes-carga-media-estantes-metalicas-mobiliario","7":"product_cat-estantes-metalicas-mobiliario","9":"first","10":"instock","11":"taxable","12":"shipping-taxable","13":"purchasable","14":"product-type-simple"},"aioseo_notices":[],"jetpack_sharing_enabled":true,"_links":{"self":[{"href":"https:\/\/officeplan.pt\/pt\/wp-json\/wp\/v2\/product\/12251","targetHints":{"allow":["GET"]}}],"collection":[{"href":"https:\/\/officeplan.pt\/pt\/wp-json\/wp\/v2\/product"}],"about":[{"href":"https:\/\/officeplan.pt\/pt\/wp-json\/wp\/v2\/types\/product"}],"version-history":[{"count":1,"href":"https:\/\/officeplan.pt\/pt\/wp-json\/wp\/v2\/product\/12251\/revisions"}],"predecessor-version":[{"id":12256,"href":"https:\/\/officeplan.pt\/pt\/wp-json\/wp\/v2\/product\/12251\/revisions\/12256"}],"wp:featuredmedia":[{"embeddable":true,"href":"https:\/\/officeplan.pt\/pt\/wp-json\/wp\/v2\/media\/12252"}],"wp:attachment":[{"href":"https:\/\/officeplan.pt\/pt\/wp-json\/wp\/v2\/media?parent=12251"}],"wp:term":[{"taxonomy":"product_brand","embeddable":true,"href":"https:\/\/officeplan.pt\/pt\/wp-json\/wp\/v2\/product_brand?post=12251"},{"taxonomy":"product_cat","embeddable":true,"href":"https:\/\/officeplan.pt\/pt\/wp-json\/wp\/v2\/product_cat?post=12251"},{"taxonomy":"product_tag","embeddable":true,"href":"https:\/\/officeplan.pt\/pt\/wp-json\/wp\/v2\/product_tag?post=12251"}],"curies":[{"name":"wp","href":"https:\/\/api.w.org\/{rel}","templated":true}]}}