{"id":12260,"date":"2024-05-17T14:41:24","date_gmt":"2024-05-17T14:41:24","guid":{"rendered":"https:\/\/officeplan.pt\/pt\/?post_type=product&#038;p=12260"},"modified":"2024-05-17T14:41:24","modified_gmt":"2024-05-17T14:41:24","slug":"banco-balneario-624","status":"publish","type":"product","link":"https:\/\/officeplan.pt\/pt\/produto\/banco-balneario-624\/","title":{"rendered":"Banco Balne\u00e1rio 624"},"content":{"rendered":"<p>Banco balne\u00e1rio 1000&#215;400 de 5 cabides com estrutura em poli\u00e9ster e inox com acabamentos em madeira de pinho envernizada.<\/p>\n<p>Para outras configura\u00e7\u00f5es pre\u00e7o sob consulta.<\/p>\n","protected":false},"excerpt":{"rendered":"<p>Banco balne\u00e1rio 1000&#215;400 de 5 cabides com estrutura em poli\u00e9ster e inox com acabamentos em madeira de pinho envernizada. Para<\/p>\n","protected":false},"featured_media":11979,"template":"","meta":[],"product_brand":[],"product_cat":[770,767],"product_tag":[840,814,701],"class_list":{"0":"post-12260","1":"product","2":"type-product","3":"status-publish","4":"has-post-thumbnail","6":"product_cat-diversos-escolares-mobiliario-escolar-mobiliario","7":"product_cat-mobiliario-escolar-mobiliario","8":"product_tag-balneario","9":"product_tag-banco","10":"product_tag-escolar","12":"first","13":"instock","14":"taxable","15":"shipping-taxable","16":"purchasable","17":"product-type-simple"},"aioseo_notices":[],"jetpack_sharing_enabled":true,"_links":{"self":[{"href":"https:\/\/officeplan.pt\/pt\/wp-json\/wp\/v2\/product\/12260","targetHints":{"allow":["GET"]}}],"collection":[{"href":"https:\/\/officeplan.pt\/pt\/wp-json\/wp\/v2\/product"}],"about":[{"href":"https:\/\/officeplan.pt\/pt\/wp-json\/wp\/v2\/types\/product"}],"version-history":[{"count":1,"href":"https:\/\/officeplan.pt\/pt\/wp-json\/wp\/v2\/product\/12260\/revisions"}],"predecessor-version":[{"id":12261,"href":"https:\/\/officeplan.pt\/pt\/wp-json\/wp\/v2\/product\/12260\/revisions\/12261"}],"wp:featuredmedia":[{"embeddable":true,"href":"https:\/\/officeplan.pt\/pt\/wp-json\/wp\/v2\/media\/11979"}],"wp:attachment":[{"href":"https:\/\/officeplan.pt\/pt\/wp-json\/wp\/v2\/media?parent=12260"}],"wp:term":[{"taxonomy":"product_brand","embeddable":true,"href":"https:\/\/officeplan.pt\/pt\/wp-json\/wp\/v2\/product_brand?post=12260"},{"taxonomy":"product_cat","embeddable":true,"href":"https:\/\/officeplan.pt\/pt\/wp-json\/wp\/v2\/product_cat?post=12260"},{"taxonomy":"product_tag","embeddable":true,"href":"https:\/\/officeplan.pt\/pt\/wp-json\/wp\/v2\/product_tag?post=12260"}],"curies":[{"name":"wp","href":"https:\/\/api.w.org\/{rel}","templated":true}]}}