{"id":12266,"date":"2024-05-17T14:54:21","date_gmt":"2024-05-17T14:54:21","guid":{"rendered":"https:\/\/officeplan.pt\/pt\/?post_type=product&#038;p=12266"},"modified":"2024-05-17T14:54:21","modified_gmt":"2024-05-17T14:54:21","slug":"banco-balneario-627","status":"publish","type":"product","link":"https:\/\/officeplan.pt\/pt\/produto\/banco-balneario-627\/","title":{"rendered":"Banco balne\u00e1rio 627"},"content":{"rendered":"<p>Banco balne\u00e1rio 1000&#215;400 de 6 cabides com estrutura em poli\u00e9ster e inox com acabamentos em madeira de pinho envernizada.<\/p>\n<p>Para outras configura\u00e7\u00f5es pre\u00e7o sob consulta.<\/p>\n","protected":false},"excerpt":{"rendered":"<p>Banco balne\u00e1rio 1000&#215;400 de 6 cabides com estrutura em poli\u00e9ster e inox com acabamentos em madeira de pinho envernizada. Para<\/p>\n","protected":false},"featured_media":11976,"template":"","meta":[],"product_brand":[],"product_cat":[770,767],"product_tag":[840,814,701],"class_list":{"0":"post-12266","1":"product","2":"type-product","3":"status-publish","4":"has-post-thumbnail","6":"product_cat-diversos-escolares-mobiliario-escolar-mobiliario","7":"product_cat-mobiliario-escolar-mobiliario","8":"product_tag-balneario","9":"product_tag-banco","10":"product_tag-escolar","12":"first","13":"instock","14":"taxable","15":"shipping-taxable","16":"purchasable","17":"product-type-simple"},"aioseo_notices":[],"jetpack_sharing_enabled":true,"_links":{"self":[{"href":"https:\/\/officeplan.pt\/pt\/wp-json\/wp\/v2\/product\/12266","targetHints":{"allow":["GET"]}}],"collection":[{"href":"https:\/\/officeplan.pt\/pt\/wp-json\/wp\/v2\/product"}],"about":[{"href":"https:\/\/officeplan.pt\/pt\/wp-json\/wp\/v2\/types\/product"}],"version-history":[{"count":1,"href":"https:\/\/officeplan.pt\/pt\/wp-json\/wp\/v2\/product\/12266\/revisions"}],"predecessor-version":[{"id":12267,"href":"https:\/\/officeplan.pt\/pt\/wp-json\/wp\/v2\/product\/12266\/revisions\/12267"}],"wp:featuredmedia":[{"embeddable":true,"href":"https:\/\/officeplan.pt\/pt\/wp-json\/wp\/v2\/media\/11976"}],"wp:attachment":[{"href":"https:\/\/officeplan.pt\/pt\/wp-json\/wp\/v2\/media?parent=12266"}],"wp:term":[{"taxonomy":"product_brand","embeddable":true,"href":"https:\/\/officeplan.pt\/pt\/wp-json\/wp\/v2\/product_brand?post=12266"},{"taxonomy":"product_cat","embeddable":true,"href":"https:\/\/officeplan.pt\/pt\/wp-json\/wp\/v2\/product_cat?post=12266"},{"taxonomy":"product_tag","embeddable":true,"href":"https:\/\/officeplan.pt\/pt\/wp-json\/wp\/v2\/product_tag?post=12266"}],"curies":[{"name":"wp","href":"https:\/\/api.w.org\/{rel}","templated":true}]}}