{"id":12274,"date":"2024-06-26T14:37:15","date_gmt":"2024-06-26T14:37:15","guid":{"rendered":"https:\/\/officeplan.pt\/pt\/?post_type=product&#038;p=12274"},"modified":"2024-06-26T15:35:54","modified_gmt":"2024-06-26T15:35:54","slug":"cabide-911","status":"publish","type":"product","link":"https:\/\/officeplan.pt\/pt\/produto\/cabide-911\/","title":{"rendered":"Cabide 911"},"content":{"rendered":"<p>Cabide escolar de 12 com estrutura em inox e com acabamentos em MDF laminado (22mm)<\/p>\n<p>Para outras configura\u00e7\u00f5es pre\u00e7o sob consulta.<\/p>\n","protected":false},"excerpt":{"rendered":"<p>Cabide escolar de 12 com estrutura em inox e com acabamentos em MDF laminado (22mm) Para outras configura\u00e7\u00f5es pre\u00e7o sob<\/p>\n","protected":false},"featured_media":11974,"template":"","meta":[],"product_brand":[],"product_cat":[770,767],"product_tag":[841,701,529],"class_list":{"0":"post-12274","1":"product","2":"type-product","3":"status-publish","4":"has-post-thumbnail","6":"product_cat-diversos-escolares-mobiliario-escolar-mobiliario","7":"product_cat-mobiliario-escolar-mobiliario","8":"product_tag-cabide","9":"product_tag-escolar","10":"product_tag-mobiliario","12":"first","13":"instock","14":"taxable","15":"shipping-taxable","16":"purchasable","17":"product-type-simple"},"aioseo_notices":[],"jetpack_sharing_enabled":true,"_links":{"self":[{"href":"https:\/\/officeplan.pt\/pt\/wp-json\/wp\/v2\/product\/12274","targetHints":{"allow":["GET"]}}],"collection":[{"href":"https:\/\/officeplan.pt\/pt\/wp-json\/wp\/v2\/product"}],"about":[{"href":"https:\/\/officeplan.pt\/pt\/wp-json\/wp\/v2\/types\/product"}],"version-history":[{"count":1,"href":"https:\/\/officeplan.pt\/pt\/wp-json\/wp\/v2\/product\/12274\/revisions"}],"predecessor-version":[{"id":12275,"href":"https:\/\/officeplan.pt\/pt\/wp-json\/wp\/v2\/product\/12274\/revisions\/12275"}],"wp:featuredmedia":[{"embeddable":true,"href":"https:\/\/officeplan.pt\/pt\/wp-json\/wp\/v2\/media\/11974"}],"wp:attachment":[{"href":"https:\/\/officeplan.pt\/pt\/wp-json\/wp\/v2\/media?parent=12274"}],"wp:term":[{"taxonomy":"product_brand","embeddable":true,"href":"https:\/\/officeplan.pt\/pt\/wp-json\/wp\/v2\/product_brand?post=12274"},{"taxonomy":"product_cat","embeddable":true,"href":"https:\/\/officeplan.pt\/pt\/wp-json\/wp\/v2\/product_cat?post=12274"},{"taxonomy":"product_tag","embeddable":true,"href":"https:\/\/officeplan.pt\/pt\/wp-json\/wp\/v2\/product_tag?post=12274"}],"curies":[{"name":"wp","href":"https:\/\/api.w.org\/{rel}","templated":true}]}}