{"id":12280,"date":"2024-06-26T15:09:52","date_gmt":"2024-06-26T15:09:52","guid":{"rendered":"https:\/\/officeplan.pt\/pt\/?post_type=product&#038;p=12280"},"modified":"2024-06-26T15:17:51","modified_gmt":"2024-06-26T15:17:51","slug":"cabide-920","status":"publish","type":"product","link":"https:\/\/officeplan.pt\/pt\/produto\/cabide-920\/","title":{"rendered":"Cabide 920"},"content":{"rendered":"<p>Cabide escolar de 6 com estrutura em poli\u00e9ster e com acabamentos em MDF laminado (22mm)<\/p>\n<p>Para outras configura\u00e7\u00f5es pre\u00e7o sob consulta.<\/p>\n","protected":false},"excerpt":{"rendered":"<p>Cabide escolar de 6 com estrutura em poli\u00e9ster e com acabamentos em MDF laminado (22mm) Para outras configura\u00e7\u00f5es pre\u00e7o sob<\/p>\n","protected":false},"featured_media":11971,"template":"","meta":[],"product_brand":[],"product_cat":[770,767],"product_tag":[841,701,529],"class_list":{"0":"post-12280","1":"product","2":"type-product","3":"status-publish","4":"has-post-thumbnail","6":"product_cat-diversos-escolares-mobiliario-escolar-mobiliario","7":"product_cat-mobiliario-escolar-mobiliario","8":"product_tag-cabide","9":"product_tag-escolar","10":"product_tag-mobiliario","12":"first","13":"instock","14":"taxable","15":"shipping-taxable","16":"purchasable","17":"product-type-simple"},"aioseo_notices":[],"jetpack_sharing_enabled":true,"_links":{"self":[{"href":"https:\/\/officeplan.pt\/pt\/wp-json\/wp\/v2\/product\/12280","targetHints":{"allow":["GET"]}}],"collection":[{"href":"https:\/\/officeplan.pt\/pt\/wp-json\/wp\/v2\/product"}],"about":[{"href":"https:\/\/officeplan.pt\/pt\/wp-json\/wp\/v2\/types\/product"}],"version-history":[{"count":2,"href":"https:\/\/officeplan.pt\/pt\/wp-json\/wp\/v2\/product\/12280\/revisions"}],"predecessor-version":[{"id":12284,"href":"https:\/\/officeplan.pt\/pt\/wp-json\/wp\/v2\/product\/12280\/revisions\/12284"}],"wp:featuredmedia":[{"embeddable":true,"href":"https:\/\/officeplan.pt\/pt\/wp-json\/wp\/v2\/media\/11971"}],"wp:attachment":[{"href":"https:\/\/officeplan.pt\/pt\/wp-json\/wp\/v2\/media?parent=12280"}],"wp:term":[{"taxonomy":"product_brand","embeddable":true,"href":"https:\/\/officeplan.pt\/pt\/wp-json\/wp\/v2\/product_brand?post=12280"},{"taxonomy":"product_cat","embeddable":true,"href":"https:\/\/officeplan.pt\/pt\/wp-json\/wp\/v2\/product_cat?post=12280"},{"taxonomy":"product_tag","embeddable":true,"href":"https:\/\/officeplan.pt\/pt\/wp-json\/wp\/v2\/product_tag?post=12280"}],"curies":[{"name":"wp","href":"https:\/\/api.w.org\/{rel}","templated":true}]}}