{"id":12289,"date":"2024-06-27T14:37:40","date_gmt":"2024-06-27T14:37:40","guid":{"rendered":"https:\/\/officeplan.pt\/pt\/?post_type=product&#038;p=12289"},"modified":"2024-06-27T14:38:08","modified_gmt":"2024-06-27T14:38:08","slug":"banco-572","status":"publish","type":"product","link":"https:\/\/officeplan.pt\/pt\/produto\/banco-572\/","title":{"rendered":"Banco 572"},"content":{"rendered":"<p>Banco 572 de 2 lugares com estrutura em poli\u00e9ster e acabamentos em contraplacado com os p\u00e9s soldados.<\/p>\n<p>Para outras configura\u00e7\u00f5es pre\u00e7o sob consulta.<\/p>\n","protected":false},"excerpt":{"rendered":"<p>Banco 572 de 2 lugares com estrutura em poli\u00e9ster e acabamentos em contraplacado com os p\u00e9s soldados. Para outras configura\u00e7\u00f5es<\/p>\n","protected":false},"featured_media":11967,"template":"","meta":[],"product_brand":[],"product_cat":[769,767],"product_tag":[151,701,529],"class_list":{"0":"post-12289","1":"product","2":"type-product","3":"status-publish","4":"has-post-thumbnail","6":"product_cat-cadeiras-escolares-mobiliario-escolar-mobiliario","7":"product_cat-mobiliario-escolar-mobiliario","8":"product_tag-cadeira","9":"product_tag-escolar","10":"product_tag-mobiliario","12":"first","13":"instock","14":"taxable","15":"shipping-taxable","16":"purchasable","17":"product-type-simple"},"aioseo_notices":[],"jetpack_sharing_enabled":true,"_links":{"self":[{"href":"https:\/\/officeplan.pt\/pt\/wp-json\/wp\/v2\/product\/12289","targetHints":{"allow":["GET"]}}],"collection":[{"href":"https:\/\/officeplan.pt\/pt\/wp-json\/wp\/v2\/product"}],"about":[{"href":"https:\/\/officeplan.pt\/pt\/wp-json\/wp\/v2\/types\/product"}],"version-history":[{"count":2,"href":"https:\/\/officeplan.pt\/pt\/wp-json\/wp\/v2\/product\/12289\/revisions"}],"predecessor-version":[{"id":12292,"href":"https:\/\/officeplan.pt\/pt\/wp-json\/wp\/v2\/product\/12289\/revisions\/12292"}],"wp:featuredmedia":[{"embeddable":true,"href":"https:\/\/officeplan.pt\/pt\/wp-json\/wp\/v2\/media\/11967"}],"wp:attachment":[{"href":"https:\/\/officeplan.pt\/pt\/wp-json\/wp\/v2\/media?parent=12289"}],"wp:term":[{"taxonomy":"product_brand","embeddable":true,"href":"https:\/\/officeplan.pt\/pt\/wp-json\/wp\/v2\/product_brand?post=12289"},{"taxonomy":"product_cat","embeddable":true,"href":"https:\/\/officeplan.pt\/pt\/wp-json\/wp\/v2\/product_cat?post=12289"},{"taxonomy":"product_tag","embeddable":true,"href":"https:\/\/officeplan.pt\/pt\/wp-json\/wp\/v2\/product_tag?post=12289"}],"curies":[{"name":"wp","href":"https:\/\/api.w.org\/{rel}","templated":true}]}}