{"id":12294,"date":"2024-07-08T13:38:22","date_gmt":"2024-07-08T13:38:22","guid":{"rendered":"https:\/\/officeplan.pt\/pt\/?post_type=product&#038;p=12294"},"modified":"2024-07-08T13:38:22","modified_gmt":"2024-07-08T13:38:22","slug":"banco-577","status":"publish","type":"product","link":"https:\/\/officeplan.pt\/pt\/produto\/banco-577\/","title":{"rendered":"Banco 577"},"content":{"rendered":"<p>Banco 577 de 2 lugares com estrutura em poli\u00e9ster e acabamento em contraplacado com o p\u00e9 soldado.<\/p>\n<p>Para outras configura\u00e7\u00f5es pre\u00e7o sob consulta.<\/p>\n","protected":false},"excerpt":{"rendered":"<p>Banco 577 de 2 lugares com estrutura em poli\u00e9ster e acabamento em contraplacado com o p\u00e9 soldado. Para outras configura\u00e7\u00f5es<\/p>\n","protected":false},"featured_media":11965,"template":"","meta":[],"product_brand":[],"product_cat":[769,767],"product_tag":[],"class_list":{"0":"post-12294","1":"product","2":"type-product","3":"status-publish","4":"has-post-thumbnail","6":"product_cat-cadeiras-escolares-mobiliario-escolar-mobiliario","7":"product_cat-mobiliario-escolar-mobiliario","9":"first","10":"instock","11":"taxable","12":"shipping-taxable","13":"purchasable","14":"product-type-simple"},"aioseo_notices":[],"jetpack_sharing_enabled":true,"_links":{"self":[{"href":"https:\/\/officeplan.pt\/pt\/wp-json\/wp\/v2\/product\/12294","targetHints":{"allow":["GET"]}}],"collection":[{"href":"https:\/\/officeplan.pt\/pt\/wp-json\/wp\/v2\/product"}],"about":[{"href":"https:\/\/officeplan.pt\/pt\/wp-json\/wp\/v2\/types\/product"}],"version-history":[{"count":1,"href":"https:\/\/officeplan.pt\/pt\/wp-json\/wp\/v2\/product\/12294\/revisions"}],"predecessor-version":[{"id":12324,"href":"https:\/\/officeplan.pt\/pt\/wp-json\/wp\/v2\/product\/12294\/revisions\/12324"}],"wp:featuredmedia":[{"embeddable":true,"href":"https:\/\/officeplan.pt\/pt\/wp-json\/wp\/v2\/media\/11965"}],"wp:attachment":[{"href":"https:\/\/officeplan.pt\/pt\/wp-json\/wp\/v2\/media?parent=12294"}],"wp:term":[{"taxonomy":"product_brand","embeddable":true,"href":"https:\/\/officeplan.pt\/pt\/wp-json\/wp\/v2\/product_brand?post=12294"},{"taxonomy":"product_cat","embeddable":true,"href":"https:\/\/officeplan.pt\/pt\/wp-json\/wp\/v2\/product_cat?post=12294"},{"taxonomy":"product_tag","embeddable":true,"href":"https:\/\/officeplan.pt\/pt\/wp-json\/wp\/v2\/product_tag?post=12294"}],"curies":[{"name":"wp","href":"https:\/\/api.w.org\/{rel}","templated":true}]}}