{"id":12433,"date":"2024-08-22T12:18:30","date_gmt":"2024-08-22T12:18:30","guid":{"rendered":"https:\/\/officeplan.pt\/pt\/produto\/banco-126\/"},"modified":"2024-08-22T12:18:30","modified_gmt":"2024-08-22T12:18:30","slug":"banco-126","status":"publish","type":"product","link":"https:\/\/officeplan.pt\/pt\/produto\/banco-126\/","title":{"rendered":"Banco 126"},"content":{"rendered":"<p>Banco 126 alto com estrutura em poli\u00e9ster e acabamento em estofado<\/p>\n<p>Para outras cores e configura\u00e7\u00f5es pre\u00e7o sob consulta.<\/p>\n","protected":false},"excerpt":{"rendered":"<p>Banco 126 alto com estrutura em poli\u00e9ster e acabamento em estofado Para outras cores e configura\u00e7\u00f5es pre\u00e7o sob consulta.<\/p>\n","protected":false},"featured_media":12357,"template":"","meta":[],"product_brand":[],"product_cat":[745,743],"product_tag":[151,786],"class_list":{"0":"post-12433","1":"product","2":"type-product","3":"status-publish","4":"has-post-thumbnail","6":"product_cat-cadeira-hotelaria-mobiliario-de-hotelaria-mobiliario","7":"product_cat-mobiliario-de-hotelaria-mobiliario","8":"product_tag-cadeira","9":"product_tag-hotelaria","11":"first","12":"instock","13":"taxable","14":"shipping-taxable","15":"purchasable","16":"product-type-simple"},"aioseo_notices":[],"jetpack_sharing_enabled":true,"_links":{"self":[{"href":"https:\/\/officeplan.pt\/pt\/wp-json\/wp\/v2\/product\/12433","targetHints":{"allow":["GET"]}}],"collection":[{"href":"https:\/\/officeplan.pt\/pt\/wp-json\/wp\/v2\/product"}],"about":[{"href":"https:\/\/officeplan.pt\/pt\/wp-json\/wp\/v2\/types\/product"}],"version-history":[{"count":0,"href":"https:\/\/officeplan.pt\/pt\/wp-json\/wp\/v2\/product\/12433\/revisions"}],"wp:featuredmedia":[{"embeddable":true,"href":"https:\/\/officeplan.pt\/pt\/wp-json\/wp\/v2\/media\/12357"}],"wp:attachment":[{"href":"https:\/\/officeplan.pt\/pt\/wp-json\/wp\/v2\/media?parent=12433"}],"wp:term":[{"taxonomy":"product_brand","embeddable":true,"href":"https:\/\/officeplan.pt\/pt\/wp-json\/wp\/v2\/product_brand?post=12433"},{"taxonomy":"product_cat","embeddable":true,"href":"https:\/\/officeplan.pt\/pt\/wp-json\/wp\/v2\/product_cat?post=12433"},{"taxonomy":"product_tag","embeddable":true,"href":"https:\/\/officeplan.pt\/pt\/wp-json\/wp\/v2\/product_tag?post=12433"}],"curies":[{"name":"wp","href":"https:\/\/api.w.org\/{rel}","templated":true}]}}