{"id":12466,"date":"2024-08-22T12:18:33","date_gmt":"2024-08-22T12:18:33","guid":{"rendered":"https:\/\/officeplan.pt\/pt\/produto\/banco-487\/"},"modified":"2024-08-22T12:18:33","modified_gmt":"2024-08-22T12:18:33","slug":"banco-487","status":"publish","type":"product","link":"https:\/\/officeplan.pt\/pt\/produto\/banco-487\/","title":{"rendered":"Banco 487"},"content":{"rendered":"<p>Banco 487 alto com estrutura em poli\u00e9ster e acabamento em estofado<\/p>\n<p>Para outras cores e configura\u00e7\u00f5es pre\u00e7o sob consulta.&#8221;<\/p>\n","protected":false},"excerpt":{"rendered":"<p>Banco 487 alto com estrutura em poli\u00e9ster e acabamento em estofado Para outras cores e configura\u00e7\u00f5es pre\u00e7o sob consulta.&#8221;<\/p>\n","protected":false},"featured_media":12393,"template":"","meta":[],"product_brand":[],"product_cat":[745,743],"product_tag":[151,786],"class_list":{"0":"post-12466","1":"product","2":"type-product","3":"status-publish","4":"has-post-thumbnail","6":"product_cat-cadeira-hotelaria-mobiliario-de-hotelaria-mobiliario","7":"product_cat-mobiliario-de-hotelaria-mobiliario","8":"product_tag-cadeira","9":"product_tag-hotelaria","11":"first","12":"instock","13":"taxable","14":"shipping-taxable","15":"purchasable","16":"product-type-simple"},"aioseo_notices":[],"jetpack_sharing_enabled":true,"_links":{"self":[{"href":"https:\/\/officeplan.pt\/pt\/wp-json\/wp\/v2\/product\/12466","targetHints":{"allow":["GET"]}}],"collection":[{"href":"https:\/\/officeplan.pt\/pt\/wp-json\/wp\/v2\/product"}],"about":[{"href":"https:\/\/officeplan.pt\/pt\/wp-json\/wp\/v2\/types\/product"}],"version-history":[{"count":0,"href":"https:\/\/officeplan.pt\/pt\/wp-json\/wp\/v2\/product\/12466\/revisions"}],"wp:featuredmedia":[{"embeddable":true,"href":"https:\/\/officeplan.pt\/pt\/wp-json\/wp\/v2\/media\/12393"}],"wp:attachment":[{"href":"https:\/\/officeplan.pt\/pt\/wp-json\/wp\/v2\/media?parent=12466"}],"wp:term":[{"taxonomy":"product_brand","embeddable":true,"href":"https:\/\/officeplan.pt\/pt\/wp-json\/wp\/v2\/product_brand?post=12466"},{"taxonomy":"product_cat","embeddable":true,"href":"https:\/\/officeplan.pt\/pt\/wp-json\/wp\/v2\/product_cat?post=12466"},{"taxonomy":"product_tag","embeddable":true,"href":"https:\/\/officeplan.pt\/pt\/wp-json\/wp\/v2\/product_tag?post=12466"}],"curies":[{"name":"wp","href":"https:\/\/api.w.org\/{rel}","templated":true}]}}