{"id":12522,"date":"2024-08-27T14:57:07","date_gmt":"2024-08-27T14:57:07","guid":{"rendered":"https:\/\/officeplan.pt\/pt\/produto\/mesa-858\/"},"modified":"2024-08-27T15:15:43","modified_gmt":"2024-08-27T15:15:43","slug":"mesa-858","status":"publish","type":"product","link":"https:\/\/officeplan.pt\/pt\/produto\/mesa-858\/","title":{"rendered":"Mesa 858"},"content":{"rendered":"<p>Mesa alta 858 com tampo de raio 700 mm em Werzalit e estrutura em Inox.<\/p>\n<p>Para outras configura\u00e7\u00f5es pre\u00e7o sob consulta.<\/p>\n","protected":false},"excerpt":{"rendered":"<p>Mesa alta 858 com tampo de raio 700 mm em Werzalit e estrutura em Inox. Para outras configura\u00e7\u00f5es pre\u00e7o sob<\/p>\n","protected":false},"featured_media":12505,"template":"","meta":[],"product_brand":[],"product_cat":[744,743],"product_tag":[786,148],"class_list":{"0":"post-12522","1":"product","2":"type-product","3":"status-publish","4":"has-post-thumbnail","6":"product_cat-mesa-hotelaria-mobiliario-de-hotelaria-mobiliario","7":"product_cat-mobiliario-de-hotelaria-mobiliario","8":"product_tag-hotelaria","9":"product_tag-mesa","11":"first","12":"instock","13":"taxable","14":"shipping-taxable","15":"purchasable","16":"product-type-simple"},"aioseo_notices":[],"jetpack_sharing_enabled":true,"_links":{"self":[{"href":"https:\/\/officeplan.pt\/pt\/wp-json\/wp\/v2\/product\/12522","targetHints":{"allow":["GET"]}}],"collection":[{"href":"https:\/\/officeplan.pt\/pt\/wp-json\/wp\/v2\/product"}],"about":[{"href":"https:\/\/officeplan.pt\/pt\/wp-json\/wp\/v2\/types\/product"}],"version-history":[{"count":0,"href":"https:\/\/officeplan.pt\/pt\/wp-json\/wp\/v2\/product\/12522\/revisions"}],"wp:featuredmedia":[{"embeddable":true,"href":"https:\/\/officeplan.pt\/pt\/wp-json\/wp\/v2\/media\/12505"}],"wp:attachment":[{"href":"https:\/\/officeplan.pt\/pt\/wp-json\/wp\/v2\/media?parent=12522"}],"wp:term":[{"taxonomy":"product_brand","embeddable":true,"href":"https:\/\/officeplan.pt\/pt\/wp-json\/wp\/v2\/product_brand?post=12522"},{"taxonomy":"product_cat","embeddable":true,"href":"https:\/\/officeplan.pt\/pt\/wp-json\/wp\/v2\/product_cat?post=12522"},{"taxonomy":"product_tag","embeddable":true,"href":"https:\/\/officeplan.pt\/pt\/wp-json\/wp\/v2\/product_tag?post=12522"}],"curies":[{"name":"wp","href":"https:\/\/api.w.org\/{rel}","templated":true}]}}