{"id":12535,"date":"2024-10-09T15:51:49","date_gmt":"2024-10-09T15:51:49","guid":{"rendered":"https:\/\/officeplan.pt\/pt\/?post_type=product&#038;p=12535"},"modified":"2024-10-09T15:51:49","modified_gmt":"2024-10-09T15:51:49","slug":"balcao-busy-l","status":"publish","type":"product","link":"https:\/\/officeplan.pt\/pt\/produto\/balcao-busy-l\/","title":{"rendered":"Balc\u00e3o Busy L"},"content":{"rendered":"<p class=\"x_MsoNormal\">Balc\u00e3o Busy em L Estrutura met\u00e1lica, pintado a epoxy Cinza, com tampo e frontais em melamina Faia<\/p>\n<p class=\"x_MsoNormal\">O balc\u00e3o montado ocupa um espa\u00e7o de 2000 de comprimento, 1300 de Profundidade<\/p>\n<p class=\"x_MsoNormal\">1 \u2013 Balc\u00e3o 800x800x1100<\/p>\n<p class=\"x_MsoNormal\">1 \u2013 Balc\u00e3o 1600x800x1100<\/p>\n<p class=\"x_MsoNormal\">1 \u2013 Balc\u00e3o Canto 90\u00bax800x1100 S\/ fura\u00e7\u00e3o<\/p>\n<p>Entrega e montagem incluida<\/p>\n<p>Para outras cores e configura\u00e7\u00f5es pre\u00e7o sob consulta<\/p>\n","protected":false},"excerpt":{"rendered":"<p>Balc\u00e3o Busy em L Estrutura met\u00e1lica, pintado a epoxy Cinza, com tampo e frontais em melamina Faia O balc\u00e3o montado<\/p>\n","protected":false},"featured_media":12533,"template":"","meta":[],"product_brand":[],"product_cat":[829,753],"product_tag":[547,530],"class_list":{"0":"post-12535","1":"product","2":"type-product","3":"status-publish","4":"has-post-thumbnail","6":"product_cat-balcoes","7":"product_cat-mobiliario-de-escritorio-mobiliario","8":"product_tag-balcao","9":"product_tag-escritorio","11":"first","12":"instock","13":"taxable","14":"shipping-taxable","15":"purchasable","16":"product-type-simple"},"aioseo_notices":[],"jetpack_sharing_enabled":true,"_links":{"self":[{"href":"https:\/\/officeplan.pt\/pt\/wp-json\/wp\/v2\/product\/12535","targetHints":{"allow":["GET"]}}],"collection":[{"href":"https:\/\/officeplan.pt\/pt\/wp-json\/wp\/v2\/product"}],"about":[{"href":"https:\/\/officeplan.pt\/pt\/wp-json\/wp\/v2\/types\/product"}],"version-history":[{"count":1,"href":"https:\/\/officeplan.pt\/pt\/wp-json\/wp\/v2\/product\/12535\/revisions"}],"predecessor-version":[{"id":12536,"href":"https:\/\/officeplan.pt\/pt\/wp-json\/wp\/v2\/product\/12535\/revisions\/12536"}],"wp:featuredmedia":[{"embeddable":true,"href":"https:\/\/officeplan.pt\/pt\/wp-json\/wp\/v2\/media\/12533"}],"wp:attachment":[{"href":"https:\/\/officeplan.pt\/pt\/wp-json\/wp\/v2\/media?parent=12535"}],"wp:term":[{"taxonomy":"product_brand","embeddable":true,"href":"https:\/\/officeplan.pt\/pt\/wp-json\/wp\/v2\/product_brand?post=12535"},{"taxonomy":"product_cat","embeddable":true,"href":"https:\/\/officeplan.pt\/pt\/wp-json\/wp\/v2\/product_cat?post=12535"},{"taxonomy":"product_tag","embeddable":true,"href":"https:\/\/officeplan.pt\/pt\/wp-json\/wp\/v2\/product_tag?post=12535"}],"curies":[{"name":"wp","href":"https:\/\/api.w.org\/{rel}","templated":true}]}}