{"id":12539,"date":"2024-10-09T16:04:12","date_gmt":"2024-10-09T16:04:12","guid":{"rendered":"https:\/\/officeplan.pt\/pt\/?post_type=product&#038;p=12539"},"modified":"2024-10-09T16:04:12","modified_gmt":"2024-10-09T16:04:12","slug":"balcao-evolution-ii","status":"publish","type":"product","link":"https:\/\/officeplan.pt\/pt\/produto\/balcao-evolution-ii\/","title":{"rendered":"Balc\u00e3o Evolution II"},"content":{"rendered":"<p>Balc\u00e3o Evolution II Estrutura met\u00e1lica, pintado a epoxy Preto, com tampo e frontais em melamina Cerejeira<\/p>\n<p>800x800x1100<\/p>\n<p>Para outros tamanhos e configura\u00e7\u00f5es pre\u00e7o sob consulta.<\/p>\n<p>Entrega e montagem incluida<\/p>\n","protected":false},"excerpt":{"rendered":"<p>Balc\u00e3o Evolution II Estrutura met\u00e1lica, pintado a epoxy Preto, com tampo e frontais em melamina Cerejeira 800x800x1100 Para outros tamanhos<\/p>\n","protected":false},"featured_media":12540,"template":"","meta":[],"product_brand":[],"product_cat":[757,829,753],"product_tag":[547,530],"class_list":{"0":"post-12539","1":"product","2":"type-product","3":"status-publish","4":"has-post-thumbnail","6":"product_cat-balcao-rececao-mobiliario-de-escritorio-mobiliario","7":"product_cat-balcoes","8":"product_cat-mobiliario-de-escritorio-mobiliario","9":"product_tag-balcao","10":"product_tag-escritorio","12":"first","13":"instock","14":"taxable","15":"shipping-taxable","16":"purchasable","17":"product-type-simple"},"aioseo_notices":[],"jetpack_sharing_enabled":true,"_links":{"self":[{"href":"https:\/\/officeplan.pt\/pt\/wp-json\/wp\/v2\/product\/12539","targetHints":{"allow":["GET"]}}],"collection":[{"href":"https:\/\/officeplan.pt\/pt\/wp-json\/wp\/v2\/product"}],"about":[{"href":"https:\/\/officeplan.pt\/pt\/wp-json\/wp\/v2\/types\/product"}],"version-history":[{"count":1,"href":"https:\/\/officeplan.pt\/pt\/wp-json\/wp\/v2\/product\/12539\/revisions"}],"predecessor-version":[{"id":12545,"href":"https:\/\/officeplan.pt\/pt\/wp-json\/wp\/v2\/product\/12539\/revisions\/12545"}],"wp:featuredmedia":[{"embeddable":true,"href":"https:\/\/officeplan.pt\/pt\/wp-json\/wp\/v2\/media\/12540"}],"wp:attachment":[{"href":"https:\/\/officeplan.pt\/pt\/wp-json\/wp\/v2\/media?parent=12539"}],"wp:term":[{"taxonomy":"product_brand","embeddable":true,"href":"https:\/\/officeplan.pt\/pt\/wp-json\/wp\/v2\/product_brand?post=12539"},{"taxonomy":"product_cat","embeddable":true,"href":"https:\/\/officeplan.pt\/pt\/wp-json\/wp\/v2\/product_cat?post=12539"},{"taxonomy":"product_tag","embeddable":true,"href":"https:\/\/officeplan.pt\/pt\/wp-json\/wp\/v2\/product_tag?post=12539"}],"curies":[{"name":"wp","href":"https:\/\/api.w.org\/{rel}","templated":true}]}}