{"id":12549,"date":"2024-11-22T15:41:27","date_gmt":"2024-11-22T15:41:27","guid":{"rendered":"https:\/\/officeplan.pt\/pt\/?post_type=product&#038;p=12549"},"modified":"2024-11-22T15:41:28","modified_gmt":"2024-11-22T15:41:28","slug":"cadeira-look-2","status":"publish","type":"product","link":"https:\/\/officeplan.pt\/pt\/produto\/cadeira-look-2\/","title":{"rendered":"Cadeira Look"},"content":{"rendered":"<p class=\"x_MsoNormal\">Costa \/ Assento: casco \u00fanico em rede preta<\/p>\n<p class=\"x_MsoNormal\">Mecanismo: Simples oscila\u00e7\u00e3o, fabricado em alum\u00ednio polido<\/p>\n<p class=\"x_MsoNormal\">Base: \u00d8640mm em nylon com rod\u00edzios<\/p>\n<p class=\"x_MsoNormal\">Bra\u00e7os: fixos<\/p>\n<p class=\"x_MsoNormal\">Cadeira ser\u00e1 entregue desmontada dentro de uma caixa<\/p>\n","protected":false},"excerpt":{"rendered":"<p>Costa \/ Assento: casco \u00fanico em rede preta Mecanismo: Simples oscila\u00e7\u00e3o, fabricado em alum\u00ednio polido Base: \u00d8640mm em nylon com<\/p>\n","protected":false},"featured_media":12550,"template":"","meta":[],"product_brand":[],"product_cat":[107,105],"product_tag":[151,530],"class_list":{"0":"post-12549","1":"product","2":"type-product","3":"status-publish","4":"has-post-thumbnail","6":"product_cat-cadeira-operativa","7":"product_cat-cadeiras","8":"product_tag-cadeira","9":"product_tag-escritorio","11":"first","12":"instock","13":"taxable","14":"shipping-taxable","15":"purchasable","16":"product-type-simple"},"aioseo_notices":[],"jetpack_sharing_enabled":true,"_links":{"self":[{"href":"https:\/\/officeplan.pt\/pt\/wp-json\/wp\/v2\/product\/12549","targetHints":{"allow":["GET"]}}],"collection":[{"href":"https:\/\/officeplan.pt\/pt\/wp-json\/wp\/v2\/product"}],"about":[{"href":"https:\/\/officeplan.pt\/pt\/wp-json\/wp\/v2\/types\/product"}],"version-history":[{"count":1,"href":"https:\/\/officeplan.pt\/pt\/wp-json\/wp\/v2\/product\/12549\/revisions"}],"predecessor-version":[{"id":12552,"href":"https:\/\/officeplan.pt\/pt\/wp-json\/wp\/v2\/product\/12549\/revisions\/12552"}],"wp:featuredmedia":[{"embeddable":true,"href":"https:\/\/officeplan.pt\/pt\/wp-json\/wp\/v2\/media\/12550"}],"wp:attachment":[{"href":"https:\/\/officeplan.pt\/pt\/wp-json\/wp\/v2\/media?parent=12549"}],"wp:term":[{"taxonomy":"product_brand","embeddable":true,"href":"https:\/\/officeplan.pt\/pt\/wp-json\/wp\/v2\/product_brand?post=12549"},{"taxonomy":"product_cat","embeddable":true,"href":"https:\/\/officeplan.pt\/pt\/wp-json\/wp\/v2\/product_cat?post=12549"},{"taxonomy":"product_tag","embeddable":true,"href":"https:\/\/officeplan.pt\/pt\/wp-json\/wp\/v2\/product_tag?post=12549"}],"curies":[{"name":"wp","href":"https:\/\/api.w.org\/{rel}","templated":true}]}}