{"id":12553,"date":"2024-11-22T16:33:14","date_gmt":"2024-11-22T16:33:14","guid":{"rendered":"https:\/\/officeplan.pt\/pt\/?post_type=product&#038;p=12553"},"modified":"2024-11-22T16:33:29","modified_gmt":"2024-11-22T16:33:29","slug":"mesa-de-reuniao-redonda","status":"publish","type":"product","link":"https:\/\/officeplan.pt\/pt\/produto\/mesa-de-reuniao-redonda\/","title":{"rendered":"Mesa de reuni\u00e3o redonda"},"content":{"rendered":"<p><span data-olk-copy-source=\"MessageBody\">Mesa de reuni\u00e3o redonda com estrutura met\u00e1lica pintada a epoxy cinza, com tampo em melamina faia<br \/>\nDimens\u00f5es dispon\u00edveis:<br \/>\n900&#215;740, 1000&#215;740, 1100&#215;740, 1200&#215;740<\/span><\/p>\n<div>\n<p>O material \u00e9 entregue desmontado. Transporte inclu\u00eddo<\/p>\n<\/div>\n","protected":false},"excerpt":{"rendered":"<p>Mesa de reuni\u00e3o redonda com estrutura met\u00e1lica pintada a epoxy cinza, com tampo em melamina faia Dimens\u00f5es dispon\u00edveis: 900&#215;740, 1000&#215;740,<\/p>\n","protected":false},"featured_media":12554,"template":"","meta":[],"product_brand":[],"product_cat":[755,753],"product_tag":[530,148,538],"class_list":{"0":"post-12553","1":"product","2":"type-product","3":"status-publish","4":"has-post-thumbnail","6":"product_cat-mesa-reuniao-mobiliario-de-escritorio-mobiliario","7":"product_cat-mobiliario-de-escritorio-mobiliario","8":"product_tag-escritorio","9":"product_tag-mesa","10":"product_tag-reuniao","12":"first","13":"instock","14":"taxable","15":"shipping-taxable","16":"purchasable","17":"product-type-simple"},"aioseo_notices":[],"jetpack_sharing_enabled":true,"_links":{"self":[{"href":"https:\/\/officeplan.pt\/pt\/wp-json\/wp\/v2\/product\/12553","targetHints":{"allow":["GET"]}}],"collection":[{"href":"https:\/\/officeplan.pt\/pt\/wp-json\/wp\/v2\/product"}],"about":[{"href":"https:\/\/officeplan.pt\/pt\/wp-json\/wp\/v2\/types\/product"}],"version-history":[{"count":1,"href":"https:\/\/officeplan.pt\/pt\/wp-json\/wp\/v2\/product\/12553\/revisions"}],"predecessor-version":[{"id":12556,"href":"https:\/\/officeplan.pt\/pt\/wp-json\/wp\/v2\/product\/12553\/revisions\/12556"}],"wp:featuredmedia":[{"embeddable":true,"href":"https:\/\/officeplan.pt\/pt\/wp-json\/wp\/v2\/media\/12554"}],"wp:attachment":[{"href":"https:\/\/officeplan.pt\/pt\/wp-json\/wp\/v2\/media?parent=12553"}],"wp:term":[{"taxonomy":"product_brand","embeddable":true,"href":"https:\/\/officeplan.pt\/pt\/wp-json\/wp\/v2\/product_brand?post=12553"},{"taxonomy":"product_cat","embeddable":true,"href":"https:\/\/officeplan.pt\/pt\/wp-json\/wp\/v2\/product_cat?post=12553"},{"taxonomy":"product_tag","embeddable":true,"href":"https:\/\/officeplan.pt\/pt\/wp-json\/wp\/v2\/product_tag?post=12553"}],"curies":[{"name":"wp","href":"https:\/\/api.w.org\/{rel}","templated":true}]}}