{"id":12663,"date":"2025-07-31T15:31:56","date_gmt":"2025-07-31T15:31:56","guid":{"rendered":"https:\/\/officeplan.pt\/pt\/?post_type=product&#038;p=12663"},"modified":"2025-07-31T15:31:56","modified_gmt":"2025-07-31T15:31:56","slug":"portoes-de-garagem","status":"publish","type":"product","link":"https:\/\/officeplan.pt\/pt\/produto\/portoes-de-garagem\/","title":{"rendered":"Port\u00f5es de garagem"},"content":{"rendered":"<p>Solu\u00e7\u00f5es de port\u00f5es de garagem:<\/p>\n<ul>\n<li>Port\u00f5es de Fole<\/li>\n<li>Port\u00f5es seccionados<\/li>\n<\/ul>\n<p>Fabricamos e instalamos port\u00f5es \u00e0 medida e conforme o pedido.<\/p>\n<p>Pe\u00e7a j\u00e1 o seu or\u00e7amento.<\/p>\n","protected":false},"excerpt":{"rendered":"<p>Solu\u00e7\u00f5es de port\u00f5es de garagem: Port\u00f5es de Fole Port\u00f5es seccionados Fabricamos e instalamos port\u00f5es \u00e0 medida e conforme o pedido.<\/p>\n","protected":false},"featured_media":12664,"template":"","meta":[],"product_brand":[],"product_cat":[846],"product_tag":[849,847,848,850],"class_list":{"0":"post-12663","1":"product","2":"type-product","3":"status-publish","4":"has-post-thumbnail","6":"product_cat-portoes-de-garagem","7":"product_tag-garagem","8":"product_tag-portao","9":"product_tag-portoes-de-garagem","10":"product_tag-seguranca","12":"first","13":"instock","14":"taxable","15":"shipping-taxable","16":"product-type-simple"},"aioseo_notices":[],"jetpack_sharing_enabled":true,"_links":{"self":[{"href":"https:\/\/officeplan.pt\/pt\/wp-json\/wp\/v2\/product\/12663","targetHints":{"allow":["GET"]}}],"collection":[{"href":"https:\/\/officeplan.pt\/pt\/wp-json\/wp\/v2\/product"}],"about":[{"href":"https:\/\/officeplan.pt\/pt\/wp-json\/wp\/v2\/types\/product"}],"version-history":[{"count":1,"href":"https:\/\/officeplan.pt\/pt\/wp-json\/wp\/v2\/product\/12663\/revisions"}],"predecessor-version":[{"id":12668,"href":"https:\/\/officeplan.pt\/pt\/wp-json\/wp\/v2\/product\/12663\/revisions\/12668"}],"wp:featuredmedia":[{"embeddable":true,"href":"https:\/\/officeplan.pt\/pt\/wp-json\/wp\/v2\/media\/12664"}],"wp:attachment":[{"href":"https:\/\/officeplan.pt\/pt\/wp-json\/wp\/v2\/media?parent=12663"}],"wp:term":[{"taxonomy":"product_brand","embeddable":true,"href":"https:\/\/officeplan.pt\/pt\/wp-json\/wp\/v2\/product_brand?post=12663"},{"taxonomy":"product_cat","embeddable":true,"href":"https:\/\/officeplan.pt\/pt\/wp-json\/wp\/v2\/product_cat?post=12663"},{"taxonomy":"product_tag","embeddable":true,"href":"https:\/\/officeplan.pt\/pt\/wp-json\/wp\/v2\/product_tag?post=12663"}],"curies":[{"name":"wp","href":"https:\/\/api.w.org\/{rel}","templated":true}]}}