{"id":12669,"date":"2025-07-18T15:57:24","date_gmt":"2025-07-18T15:57:24","guid":{"rendered":"https:\/\/officeplan.pt\/pt\/?post_type=product&#038;p=12669"},"modified":"2025-07-31T14:57:18","modified_gmt":"2025-07-31T14:57:18","slug":"cabine-de-reunioes-101","status":"publish","type":"product","link":"https:\/\/officeplan.pt\/pt\/produto\/cabine-de-reunioes-101\/","title":{"rendered":"Cabine ac\u00fastica 101"},"content":{"rendered":"<p>Caracter\u00edsticas:<\/p>\n<p>Ajuste El\u00e9trico de Altura: Sistema el\u00e9trico de ajuste de altura facilita a instala\u00e7\u00e3o;<br \/>\nRedu\u00e7\u00e3o de Embalagem: Para transporte mais econ\u00f4mico e f\u00e1cil acesso por elevador;<br \/>\nIsolamento Ac\u00fastico: Bloqueia ru\u00eddos externos e internos;<br \/>\nRespire Melhor: Ventila\u00e7\u00e3o ajust\u00e1vel garante ar fresco conforme sua prefer\u00eancia;<br \/>\nMesa Embutida: Ideal para notebook, caf\u00e9, cadernos, etc.;<br \/>\nIlumina\u00e7\u00e3o em LED: Otimizada para videochamadas.<\/p>\n<p>Capacidade M\u00e1xima de Carga<strong data-start=\"2076\" data-end=\"2107\">:<\/strong> 130 kg \/ 287 lbs<br \/>\nTipo de Energia<strong data-start=\"2128\" data-end=\"2148\">:<\/strong> 100V &#8211; 240V<br \/>\nIsolamento Ac\u00fastico: 25dB\u00b15dB<br \/>\nTamanho da Mesa Embutida<strong data-start=\"2201\" data-end=\"2230\">:<\/strong> 820\u00d7350 mm (32,3&#8243;\u00d713,8&#8243;)<br \/>\nDimens\u00f5es da Cabine<strong data-start=\"2259\" data-end=\"2283\" data-is-only-node=\"\">:<\/strong> 1020\u00d71020\u00d72260 mm (40,2&#8243;\u00d740,2&#8243;\u00d789,0&#8243;)<\/p>\n<p>Exterior cinza com interior cinza<br \/>\nOutras cores e acess\u00f3rios dispon\u00edveis sob consulta<\/p>\n<p>&nbsp;<\/p>\n","protected":false},"excerpt":{"rendered":"<p>Caracter\u00edsticas: Ajuste El\u00e9trico de Altura: Sistema el\u00e9trico de ajuste de altura facilita a instala\u00e7\u00e3o; Redu\u00e7\u00e3o de Embalagem: Para transporte mais<\/p>\n","protected":false},"featured_media":12670,"template":"","meta":[],"product_brand":[],"product_cat":[851],"product_tag":[852,853,538],"class_list":{"0":"post-12669","1":"product","2":"type-product","3":"status-publish","4":"has-post-thumbnail","6":"product_cat-cabines-acusticas","7":"product_tag-cabine","8":"product_tag-privada","9":"product_tag-reuniao","11":"first","12":"instock","13":"taxable","14":"shipping-taxable","15":"product-type-simple"},"aioseo_notices":[],"jetpack_sharing_enabled":true,"_links":{"self":[{"href":"https:\/\/officeplan.pt\/pt\/wp-json\/wp\/v2\/product\/12669","targetHints":{"allow":["GET"]}}],"collection":[{"href":"https:\/\/officeplan.pt\/pt\/wp-json\/wp\/v2\/product"}],"about":[{"href":"https:\/\/officeplan.pt\/pt\/wp-json\/wp\/v2\/types\/product"}],"version-history":[{"count":3,"href":"https:\/\/officeplan.pt\/pt\/wp-json\/wp\/v2\/product\/12669\/revisions"}],"predecessor-version":[{"id":12702,"href":"https:\/\/officeplan.pt\/pt\/wp-json\/wp\/v2\/product\/12669\/revisions\/12702"}],"wp:featuredmedia":[{"embeddable":true,"href":"https:\/\/officeplan.pt\/pt\/wp-json\/wp\/v2\/media\/12670"}],"wp:attachment":[{"href":"https:\/\/officeplan.pt\/pt\/wp-json\/wp\/v2\/media?parent=12669"}],"wp:term":[{"taxonomy":"product_brand","embeddable":true,"href":"https:\/\/officeplan.pt\/pt\/wp-json\/wp\/v2\/product_brand?post=12669"},{"taxonomy":"product_cat","embeddable":true,"href":"https:\/\/officeplan.pt\/pt\/wp-json\/wp\/v2\/product_cat?post=12669"},{"taxonomy":"product_tag","embeddable":true,"href":"https:\/\/officeplan.pt\/pt\/wp-json\/wp\/v2\/product_tag?post=12669"}],"curies":[{"name":"wp","href":"https:\/\/api.w.org\/{rel}","templated":true}]}}