{"id":12674,"date":"2025-07-18T16:01:17","date_gmt":"2025-07-18T16:01:17","guid":{"rendered":"https:\/\/officeplan.pt\/pt\/?post_type=product&#038;p=12674"},"modified":"2025-07-31T14:57:10","modified_gmt":"2025-07-31T14:57:10","slug":"cabine-de-reunioes-105","status":"publish","type":"product","link":"https:\/\/officeplan.pt\/pt\/produto\/cabine-de-reunioes-105\/","title":{"rendered":"Cabine ac\u00fastica 105"},"content":{"rendered":"<p>Caracter\u00edsticas:<\/p>\n<p>Ajuste El\u00e9trico de Altura: Sistema el\u00e9trico de ajuste de altura facilita a instala\u00e7\u00e3o;<br \/>\nRedu\u00e7\u00e3o de Embalagem: Para transporte mais econ\u00f4mico e f\u00e1cil acesso por elevador;<br \/>\nIsolamento Ac\u00fastico: Bloqueia ru\u00eddos externos e internos;<br \/>\nLuz Indicadora: Acende quando h\u00e1 algu\u00e9m dentro da cabine;<br \/>\nSistema de Ventila\u00e7\u00e3o: Com turbinas duplas, o ar \u00e9 renovado a cada minuto;<br \/>\nMesa Embutida e Tomadas Integradas: Inclui ilumina\u00e7\u00e3o, bot\u00e3o do ventilador, tomada cinco pinos, USB-A, USB-C;<br \/>\nFita de LED embutida: Atende \u00e0s necessidades de ilumina\u00e7\u00e3o da cabine.<\/p>\n<p>Capacidade M\u00e1xima de Carga: 130 kg<br \/>\nTipo de Energia: 100V &#8211; 240V<br \/>\nIsolamento Ac\u00fastico: 25dB\u00b15dB<br \/>\nTamanho da Mesa Embutida: 760\u00d7300 mm (L\u00d7P)<br \/>\nDimens\u00f5es da Cabine: 1000\u00d71000\u00d72300 mm (40,2&#8243;\u00d740,2&#8243;\u00d789,0&#8243;)<\/p>\n<p>Exterior cinza claro com interior cinza<br \/>\nOutras cores e acess\u00f3rios dispon\u00edveis sob consulta<\/p>\n","protected":false},"excerpt":{"rendered":"<p>Caracter\u00edsticas: Ajuste El\u00e9trico de Altura: Sistema el\u00e9trico de ajuste de altura facilita a instala\u00e7\u00e3o; Redu\u00e7\u00e3o de Embalagem: Para transporte mais<\/p>\n","protected":false},"featured_media":12676,"template":"","meta":[],"product_brand":[],"product_cat":[851],"product_tag":[852,853,538],"class_list":{"0":"post-12674","1":"product","2":"type-product","3":"status-publish","4":"has-post-thumbnail","6":"product_cat-cabines-acusticas","7":"product_tag-cabine","8":"product_tag-privada","9":"product_tag-reuniao","11":"first","12":"instock","13":"taxable","14":"shipping-taxable","15":"product-type-simple"},"aioseo_notices":[],"jetpack_sharing_enabled":true,"_links":{"self":[{"href":"https:\/\/officeplan.pt\/pt\/wp-json\/wp\/v2\/product\/12674","targetHints":{"allow":["GET"]}}],"collection":[{"href":"https:\/\/officeplan.pt\/pt\/wp-json\/wp\/v2\/product"}],"about":[{"href":"https:\/\/officeplan.pt\/pt\/wp-json\/wp\/v2\/types\/product"}],"version-history":[{"count":3,"href":"https:\/\/officeplan.pt\/pt\/wp-json\/wp\/v2\/product\/12674\/revisions"}],"predecessor-version":[{"id":12701,"href":"https:\/\/officeplan.pt\/pt\/wp-json\/wp\/v2\/product\/12674\/revisions\/12701"}],"wp:featuredmedia":[{"embeddable":true,"href":"https:\/\/officeplan.pt\/pt\/wp-json\/wp\/v2\/media\/12676"}],"wp:attachment":[{"href":"https:\/\/officeplan.pt\/pt\/wp-json\/wp\/v2\/media?parent=12674"}],"wp:term":[{"taxonomy":"product_brand","embeddable":true,"href":"https:\/\/officeplan.pt\/pt\/wp-json\/wp\/v2\/product_brand?post=12674"},{"taxonomy":"product_cat","embeddable":true,"href":"https:\/\/officeplan.pt\/pt\/wp-json\/wp\/v2\/product_cat?post=12674"},{"taxonomy":"product_tag","embeddable":true,"href":"https:\/\/officeplan.pt\/pt\/wp-json\/wp\/v2\/product_tag?post=12674"}],"curies":[{"name":"wp","href":"https:\/\/api.w.org\/{rel}","templated":true}]}}