{"id":12678,"date":"2025-07-18T16:06:32","date_gmt":"2025-07-18T16:06:32","guid":{"rendered":"https:\/\/officeplan.pt\/pt\/?post_type=product&#038;p=12678"},"modified":"2025-07-31T14:57:01","modified_gmt":"2025-07-31T14:57:01","slug":"cabine-de-reuniao-114","status":"publish","type":"product","link":"https:\/\/officeplan.pt\/pt\/produto\/cabine-de-reuniao-114\/","title":{"rendered":"Cabine ac\u00fastica 114"},"content":{"rendered":"<p>Caracter\u00edsticas:<\/p>\n<p>6 m\u00f3dulos simples para montagem r\u00e1pida;<br \/>\nCom luz de status e ilumina\u00e7\u00e3o integrada;<br \/>\nSistema de Ventila\u00e7\u00e3o;<br \/>\nTomadas e mesa embutida;<br \/>\nCom rodas e p\u00e9s ajust\u00e1veis;<br \/>\nEstrutura externa com PVC e camada interna com painel de fibra de poli\u00e9ster ac\u00fastico.<\/p>\n<p>Capacidade M\u00e1xima de Carga: 150 kg<br \/>\nTipo de Energia: 100V &#8211; 240V<br \/>\nIsolamento Ac\u00fastico: 30dB\u00b15dB<br \/>\nTamanho da Mesa Embutida: 800\u00d7360\u00d725 mm<br \/>\nDimens\u00f5es da Cabine: 1050\u00d71050\u00d72300 mm (41,3&#8243;\u00d741,3&#8243;\u00d790,6&#8243;)<\/p>\n<p>Exterior branco com interior cinza claro<br \/>\nOutras cores e acess\u00f3rios dispon\u00edveis sob consulta<\/p>\n","protected":false},"excerpt":{"rendered":"<p>Caracter\u00edsticas: 6 m\u00f3dulos simples para montagem r\u00e1pida; Com luz de status e ilumina\u00e7\u00e3o integrada; Sistema de Ventila\u00e7\u00e3o; Tomadas e mesa<\/p>\n","protected":false},"featured_media":12680,"template":"","meta":[],"product_brand":[],"product_cat":[851],"product_tag":[852,853,538],"class_list":{"0":"post-12678","1":"product","2":"type-product","3":"status-publish","4":"has-post-thumbnail","6":"product_cat-cabines-acusticas","7":"product_tag-cabine","8":"product_tag-privada","9":"product_tag-reuniao","11":"first","12":"instock","13":"taxable","14":"shipping-taxable","15":"product-type-simple"},"aioseo_notices":[],"jetpack_sharing_enabled":true,"_links":{"self":[{"href":"https:\/\/officeplan.pt\/pt\/wp-json\/wp\/v2\/product\/12678","targetHints":{"allow":["GET"]}}],"collection":[{"href":"https:\/\/officeplan.pt\/pt\/wp-json\/wp\/v2\/product"}],"about":[{"href":"https:\/\/officeplan.pt\/pt\/wp-json\/wp\/v2\/types\/product"}],"version-history":[{"count":3,"href":"https:\/\/officeplan.pt\/pt\/wp-json\/wp\/v2\/product\/12678\/revisions"}],"predecessor-version":[{"id":12700,"href":"https:\/\/officeplan.pt\/pt\/wp-json\/wp\/v2\/product\/12678\/revisions\/12700"}],"wp:featuredmedia":[{"embeddable":true,"href":"https:\/\/officeplan.pt\/pt\/wp-json\/wp\/v2\/media\/12680"}],"wp:attachment":[{"href":"https:\/\/officeplan.pt\/pt\/wp-json\/wp\/v2\/media?parent=12678"}],"wp:term":[{"taxonomy":"product_brand","embeddable":true,"href":"https:\/\/officeplan.pt\/pt\/wp-json\/wp\/v2\/product_brand?post=12678"},{"taxonomy":"product_cat","embeddable":true,"href":"https:\/\/officeplan.pt\/pt\/wp-json\/wp\/v2\/product_cat?post=12678"},{"taxonomy":"product_tag","embeddable":true,"href":"https:\/\/officeplan.pt\/pt\/wp-json\/wp\/v2\/product_tag?post=12678"}],"curies":[{"name":"wp","href":"https:\/\/api.w.org\/{rel}","templated":true}]}}