{"id":12683,"date":"2025-07-24T14:01:29","date_gmt":"2025-07-24T14:01:29","guid":{"rendered":"https:\/\/officeplan.pt\/pt\/?post_type=product&#038;p=12683"},"modified":"2025-07-31T14:57:27","modified_gmt":"2025-07-31T14:57:27","slug":"cabine-multiusos-2","status":"publish","type":"product","link":"https:\/\/officeplan.pt\/pt\/produto\/cabine-multiusos-2\/","title":{"rendered":"Cabine ac\u00fastica 2"},"content":{"rendered":"<h2>Cabine Multiusos<\/h2>\n<p>O interior da \u00a02 \u00e9 di\u00e1fano, o que permite utiliz\u00e1-la como uma sala de reuni\u00e3o para 2 pessoas com cadeiras, bancos ou pufes complementares.<\/p>\n<p>As conex\u00f5es de carregamento el\u00e9trico, a dupla ilumina\u00e7\u00e3o LED e os ventiladores silenciosos v\u00eam equipados de s\u00e9rie.<\/p>\n<p>Caracter\u00edsticas:<\/p>\n<ul>\n<li><b>Estrutura:<\/b> Liga de alum\u00ednio + a\u00e7o + Painel PET.<\/li>\n<li><b>Vidro:<\/b> Temperado de 10 mm, na parte traseira e na porta.<\/li>\n<li><b>Piso:<\/b> Alcatifa de alta rota\u00e7\u00e3o com propriedades ac\u00fasticas.<\/li>\n<li><b>Ilumina\u00e7\u00e3o:<\/b> LED 4000 K \/ 12 W regul\u00e1vel + LED de 9 W com controlo de presen\u00e7a.<\/li>\n<li><b>Renova\u00e7\u00e3o do ar:<\/b> Atrav\u00e9s de 2 ventiladores silenciosos com intensidade regul\u00e1vel.<\/li>\n<li><b>Conex\u00f5es:<\/b> 1 tomada de corrente 220V + 1 porta USB-A + 1 porta USB-C.<\/li>\n<li><b>N\u00edvel de redu\u00e7\u00e3o de ru\u00eddo:<\/b> Redu\u00e7\u00e3o global tipo A (NIC \u2013 32 dB).<\/li>\n<\/ul>\n<p>Outras cores e configura\u00e7\u00f5es sob consulta.<\/p>\n","protected":false},"excerpt":{"rendered":"<p>Cabine Multiusos O interior da \u00a02 \u00e9 di\u00e1fano, o que permite utiliz\u00e1-la como uma sala de reuni\u00e3o para 2 pessoas<\/p>\n","protected":false},"featured_media":12684,"template":"","meta":[],"product_brand":[],"product_cat":[851],"product_tag":[852,538],"class_list":{"0":"post-12683","1":"product","2":"type-product","3":"status-publish","4":"has-post-thumbnail","6":"product_cat-cabines-acusticas","7":"product_tag-cabine","8":"product_tag-reuniao","10":"first","11":"instock","12":"taxable","13":"shipping-taxable","14":"product-type-simple"},"aioseo_notices":[],"jetpack_sharing_enabled":true,"_links":{"self":[{"href":"https:\/\/officeplan.pt\/pt\/wp-json\/wp\/v2\/product\/12683","targetHints":{"allow":["GET"]}}],"collection":[{"href":"https:\/\/officeplan.pt\/pt\/wp-json\/wp\/v2\/product"}],"about":[{"href":"https:\/\/officeplan.pt\/pt\/wp-json\/wp\/v2\/types\/product"}],"version-history":[{"count":3,"href":"https:\/\/officeplan.pt\/pt\/wp-json\/wp\/v2\/product\/12683\/revisions"}],"predecessor-version":[{"id":12703,"href":"https:\/\/officeplan.pt\/pt\/wp-json\/wp\/v2\/product\/12683\/revisions\/12703"}],"wp:featuredmedia":[{"embeddable":true,"href":"https:\/\/officeplan.pt\/pt\/wp-json\/wp\/v2\/media\/12684"}],"wp:attachment":[{"href":"https:\/\/officeplan.pt\/pt\/wp-json\/wp\/v2\/media?parent=12683"}],"wp:term":[{"taxonomy":"product_brand","embeddable":true,"href":"https:\/\/officeplan.pt\/pt\/wp-json\/wp\/v2\/product_brand?post=12683"},{"taxonomy":"product_cat","embeddable":true,"href":"https:\/\/officeplan.pt\/pt\/wp-json\/wp\/v2\/product_cat?post=12683"},{"taxonomy":"product_tag","embeddable":true,"href":"https:\/\/officeplan.pt\/pt\/wp-json\/wp\/v2\/product_tag?post=12683"}],"curies":[{"name":"wp","href":"https:\/\/api.w.org\/{rel}","templated":true}]}}