{"id":12688,"date":"2025-07-24T14:08:25","date_gmt":"2025-07-24T14:08:25","guid":{"rendered":"https:\/\/officeplan.pt\/pt\/?post_type=product&#038;p=12688"},"modified":"2025-07-31T14:57:32","modified_gmt":"2025-07-31T14:57:32","slug":"12688","status":"publish","type":"product","link":"https:\/\/officeplan.pt\/pt\/produto\/12688\/","title":{"rendered":"Cabine ac\u00fastica 4"},"content":{"rendered":"<p>Cabine\u00a0 Multiusos 4<\/p>\n<div class=\"avatar_spinner_animation ng-tns-c1032168316-32 ng-star-inserted\">\n<div id=\"model-response-message-contentr_01a0b0d72b6d8460\" class=\"markdown markdown-main-panel stronger enable-updated-hr-color\" dir=\"ltr\">\n<p>Uma sala de reuni\u00e3o completa em pouco mais de 3 m\u00b2. J\u00e1 n\u00e3o precisa de bloquear as salas de reuni\u00e3o do escrit\u00f3rio para fazer uma chamada privada, reunir-se com clientes ou entre colegas.<\/p>\n<p>No interior da cabine est\u00e1 inclu\u00edda uma espa\u00e7osa mesa de reuni\u00e3o, onde pode colocar um port\u00e1til, tirar notas ou at\u00e9 mesmo tomar um caf\u00e9. As liga\u00e7\u00f5es de carregamento el\u00e9trico, a ilumina\u00e7\u00e3o LED e os ventiladores silenciosos tamb\u00e9m v\u00eam equipados de s\u00e9rie.<\/p>\n<div id=\"model-response-message-contentr_197d29d6512720f8\" class=\"markdown markdown-main-panel stronger enable-updated-hr-color\" dir=\"ltr\">\n<p>Caracter\u00edsticas:<\/p>\n<ul>\n<li><b>Estrutura:<\/b> Liga de alum\u00ednio + a\u00e7o + Painel PET.<\/li>\n<li><b>Vidro:<\/b> Temperado de 10 mm, na parte traseira e na porta.<\/li>\n<li><b>Piso:<\/b> Alcatifa de alta rota\u00e7\u00e3o com propriedades ac\u00fasticas.<\/li>\n<li><b>Ilumina\u00e7\u00e3o:<\/b> 2 LEDs de 4000 K \/ 12 W regul\u00e1veis + LED de 9 W com controlo de presen\u00e7a.<\/li>\n<li><b>Renova\u00e7\u00e3o do ar:<\/b> Atrav\u00e9s de 4 ventiladores silenciosos com intensidade regul\u00e1vel.<\/li>\n<li><b>Conex\u00f5es:<\/b> 1 tomada de corrente 220V + 1 porta USB-A + 1 porta USB-C.<\/li>\n<li><b>N\u00edvel de redu\u00e7\u00e3o de ru\u00eddo:<\/b> Redu\u00e7\u00e3o global tipo A (NIC \u2013 32 dB).<\/li>\n<\/ul>\n<p>Outras cores e configura\u00e7\u00f5es sob consulta.<\/p>\n<\/div>\n<p>&nbsp;<\/p>\n<\/div>\n<\/div>\n","protected":false},"excerpt":{"rendered":"<p>Cabine\u00a0 Multiusos 4 Uma sala de reuni\u00e3o completa em pouco mais de 3 m\u00b2. J\u00e1 n\u00e3o precisa de bloquear as<\/p>\n","protected":false},"featured_media":12689,"template":"","meta":[],"product_brand":[],"product_cat":[851],"product_tag":[852,788,538],"class_list":{"0":"post-12688","1":"product","2":"type-product","3":"status-publish","4":"has-post-thumbnail","6":"product_cat-cabines-acusticas","7":"product_tag-cabine","8":"product_tag-multiusos","9":"product_tag-reuniao","11":"first","12":"instock","13":"taxable","14":"shipping-taxable","15":"product-type-simple"},"aioseo_notices":[],"jetpack_sharing_enabled":true,"_links":{"self":[{"href":"https:\/\/officeplan.pt\/pt\/wp-json\/wp\/v2\/product\/12688","targetHints":{"allow":["GET"]}}],"collection":[{"href":"https:\/\/officeplan.pt\/pt\/wp-json\/wp\/v2\/product"}],"about":[{"href":"https:\/\/officeplan.pt\/pt\/wp-json\/wp\/v2\/types\/product"}],"version-history":[{"count":4,"href":"https:\/\/officeplan.pt\/pt\/wp-json\/wp\/v2\/product\/12688\/revisions"}],"predecessor-version":[{"id":12704,"href":"https:\/\/officeplan.pt\/pt\/wp-json\/wp\/v2\/product\/12688\/revisions\/12704"}],"wp:featuredmedia":[{"embeddable":true,"href":"https:\/\/officeplan.pt\/pt\/wp-json\/wp\/v2\/media\/12689"}],"wp:attachment":[{"href":"https:\/\/officeplan.pt\/pt\/wp-json\/wp\/v2\/media?parent=12688"}],"wp:term":[{"taxonomy":"product_brand","embeddable":true,"href":"https:\/\/officeplan.pt\/pt\/wp-json\/wp\/v2\/product_brand?post=12688"},{"taxonomy":"product_cat","embeddable":true,"href":"https:\/\/officeplan.pt\/pt\/wp-json\/wp\/v2\/product_cat?post=12688"},{"taxonomy":"product_tag","embeddable":true,"href":"https:\/\/officeplan.pt\/pt\/wp-json\/wp\/v2\/product_tag?post=12688"}],"curies":[{"name":"wp","href":"https:\/\/api.w.org\/{rel}","templated":true}]}}