{"id":12748,"date":"2025-08-20T18:45:47","date_gmt":"2025-08-20T18:45:47","guid":{"rendered":"https:\/\/officeplan.pt\/pt\/?post_type=product&#038;p=12748"},"modified":"2025-08-20T18:46:21","modified_gmt":"2025-08-20T18:46:21","slug":"estantes-de-biblioteca","status":"publish","type":"product","link":"https:\/\/officeplan.pt\/pt\/produto\/estantes-de-biblioteca\/","title":{"rendered":"Estantes de biblioteca"},"content":{"rendered":"<p><span class=\"HwtZe\" lang=\"pt-PT\"><span class=\"jCAhz ChMk0b\"><span class=\"ryNqvb\">De acordo com a sua prefer\u00eancia, o Ere\u011fli A1 de alta qualidade com espessuras de 0,8 mm, 0,9 mm e 1 mm \u00e9 fabricado em chapa met\u00e1lica.<\/span><\/span> <span class=\"jCAhz ChMk0b\"><span class=\"ryNqvb\">Possui pintura eletrost\u00e1tica a p\u00f3 de alta qualidade.<\/span><\/span> <span class=\"jCAhz ChMk0b\"><span class=\"ryNqvb\">Permite poupar pelo menos 60% de espa\u00e7o, proporcionando seguran\u00e7a e simplicidade na opera\u00e7\u00e3o.<\/span><\/span> <span class=\"jCAhz ChMk0b\"><span class=\"ryNqvb\">Pode ser produzido em qualquer tamanho e <\/span><\/span><span class=\"jCAhz ChMk0b\"><span class=\"ryNqvb\">na cor desejada.<\/span><\/span><\/span><\/p>\n","protected":false},"excerpt":{"rendered":"<p>De acordo com a sua prefer\u00eancia, o Ere\u011fli A1 de alta qualidade com espessuras de 0,8 mm, 0,9 mm e<\/p>\n","protected":false},"featured_media":12749,"template":"","meta":[],"product_brand":[],"product_cat":[86],"product_tag":[],"class_list":{"0":"post-12748","1":"product","2":"type-product","3":"status-publish","4":"has-post-thumbnail","6":"product_cat-bibliotecas","8":"first","9":"instock","10":"taxable","11":"shipping-taxable","12":"product-type-simple"},"aioseo_notices":[],"jetpack_sharing_enabled":true,"_links":{"self":[{"href":"https:\/\/officeplan.pt\/pt\/wp-json\/wp\/v2\/product\/12748","targetHints":{"allow":["GET"]}}],"collection":[{"href":"https:\/\/officeplan.pt\/pt\/wp-json\/wp\/v2\/product"}],"about":[{"href":"https:\/\/officeplan.pt\/pt\/wp-json\/wp\/v2\/types\/product"}],"version-history":[{"count":2,"href":"https:\/\/officeplan.pt\/pt\/wp-json\/wp\/v2\/product\/12748\/revisions"}],"predecessor-version":[{"id":12756,"href":"https:\/\/officeplan.pt\/pt\/wp-json\/wp\/v2\/product\/12748\/revisions\/12756"}],"wp:featuredmedia":[{"embeddable":true,"href":"https:\/\/officeplan.pt\/pt\/wp-json\/wp\/v2\/media\/12749"}],"wp:attachment":[{"href":"https:\/\/officeplan.pt\/pt\/wp-json\/wp\/v2\/media?parent=12748"}],"wp:term":[{"taxonomy":"product_brand","embeddable":true,"href":"https:\/\/officeplan.pt\/pt\/wp-json\/wp\/v2\/product_brand?post=12748"},{"taxonomy":"product_cat","embeddable":true,"href":"https:\/\/officeplan.pt\/pt\/wp-json\/wp\/v2\/product_cat?post=12748"},{"taxonomy":"product_tag","embeddable":true,"href":"https:\/\/officeplan.pt\/pt\/wp-json\/wp\/v2\/product_tag?post=12748"}],"curies":[{"name":"wp","href":"https:\/\/api.w.org\/{rel}","templated":true}]}}