{"id":3940,"date":"2016-08-23T17:50:25","date_gmt":"2016-08-23T17:50:25","guid":{"rendered":"https:\/\/b-tech.pt\/?post_type=product&#038;p=3940"},"modified":"2023-04-24T13:12:21","modified_gmt":"2023-04-24T13:12:21","slug":"3940","status":"publish","type":"product","link":"https:\/\/officeplan.pt\/pt\/produto\/3940\/","title":{"rendered":"Cinzeiro papeleiro com uma abertura"},"content":{"rendered":"<p>Cinzeiro papeleiro com uma abertura, corpo em chapa de a\u00e7o com pintura epoxy a qualquer cor, cabe\u00e7a e fundo em a\u00e7o inox<\/p>\n<p>Alt. x Diam.\/mm &#8211; 600X215<\/p>\n<p>Capacidade\/ L &#8211; 14L<\/p>\n<p>Peso \/ Kg &#8211; 2,5<\/p>\n<p>Vol. M3 &#8211; 0.028<\/p>\n<p>&nbsp;<\/p>\n<p>Outras Dimens\u00f5es, Cores de Pintura: Pre\u00e7o Sob Consulta<\/p>\n<p>Garantia: 3 Anos<\/p>\n<p>Prazo de Entrega Estimado: 2 a 3 Semanas<\/p>\n<p>&nbsp;<\/p>\n<p>&nbsp;<\/p>\n<p>&nbsp;<\/p>\n","protected":false},"excerpt":{"rendered":"<p>Cinzeiro papeleiro com uma abertura, corpo em chapa de a\u00e7o com pintura epoxy a qualquer cor, cabe\u00e7a e fundo em<\/p>\n","protected":false},"featured_media":8990,"template":"","meta":[],"product_brand":[],"product_cat":[746],"product_tag":[771,487,488,471],"class_list":{"0":"post-3940","1":"product","2":"type-product","3":"status-publish","4":"has-post-thumbnail","6":"product_cat-cinzeiros-papeleiros-diversos-mobiliario-2","7":"product_tag-caixote","8":"product_tag-cinzeiro","9":"product_tag-papeleira","10":"product_tag-papeleiro","12":"first","13":"instock","14":"taxable","15":"shipping-taxable","16":"purchasable","17":"product-type-simple"},"aioseo_notices":[],"jetpack_sharing_enabled":true,"_links":{"self":[{"href":"https:\/\/officeplan.pt\/pt\/wp-json\/wp\/v2\/product\/3940","targetHints":{"allow":["GET"]}}],"collection":[{"href":"https:\/\/officeplan.pt\/pt\/wp-json\/wp\/v2\/product"}],"about":[{"href":"https:\/\/officeplan.pt\/pt\/wp-json\/wp\/v2\/types\/product"}],"version-history":[{"count":5,"href":"https:\/\/officeplan.pt\/pt\/wp-json\/wp\/v2\/product\/3940\/revisions"}],"predecessor-version":[{"id":9916,"href":"https:\/\/officeplan.pt\/pt\/wp-json\/wp\/v2\/product\/3940\/revisions\/9916"}],"wp:featuredmedia":[{"embeddable":true,"href":"https:\/\/officeplan.pt\/pt\/wp-json\/wp\/v2\/media\/8990"}],"wp:attachment":[{"href":"https:\/\/officeplan.pt\/pt\/wp-json\/wp\/v2\/media?parent=3940"}],"wp:term":[{"taxonomy":"product_brand","embeddable":true,"href":"https:\/\/officeplan.pt\/pt\/wp-json\/wp\/v2\/product_brand?post=3940"},{"taxonomy":"product_cat","embeddable":true,"href":"https:\/\/officeplan.pt\/pt\/wp-json\/wp\/v2\/product_cat?post=3940"},{"taxonomy":"product_tag","embeddable":true,"href":"https:\/\/officeplan.pt\/pt\/wp-json\/wp\/v2\/product_tag?post=3940"}],"curies":[{"name":"wp","href":"https:\/\/api.w.org\/{rel}","templated":true}]}}