{"id":3954,"date":"2016-08-23T18:15:36","date_gmt":"2016-08-23T18:15:36","guid":{"rendered":"https:\/\/b-tech.pt\/?post_type=product&#038;p=3954"},"modified":"2023-04-24T15:29:44","modified_gmt":"2023-04-24T15:29:44","slug":"3954","status":"publish","type":"product","link":"https:\/\/officeplan.pt\/pt\/produto\/3954\/","title":{"rendered":"Cinzeiro papeleiro com duas aberturas, corpo em chapa de a\u00e7o com pintura epoxy a qualquer cor, cabe\u00e7a e fundo em a\u00e7o inox"},"content":{"rendered":"<p>Cinzeiro papeleiro com duas aberturas, corpo em chapa de a\u00e7o com pintura epoxy a qualquer cor, cabe\u00e7a e fundo em a\u00e7o inox<\/p>\n<p>Cinzeiro Papeleiro Ref. 250\/2 P<\/p>\n<p>Alt. x Diam.\/mm \u2013 610X250<\/p>\n<p>Capacidade\/ L \u2013 18L<\/p>\n<p>Peso \/ Kg \u2013 3<\/p>\n<p>Vol. M3 \u2013 0.038<\/p>\n<p>&nbsp;<\/p>\n<p>Outras Dimens\u00f5es, Cores de Pintura: Pre\u00e7o Sob Consulta<\/p>\n<p>Garantia: 3 Anos<\/p>\n<p>Prazo de Entrega Estimado: 2 a 3 Semanas<\/p>\n","protected":false},"excerpt":{"rendered":"<p>Cinzeiro papeleiro com duas aberturas, corpo em chapa de a\u00e7o com pintura epoxy a qualquer cor, cabe\u00e7a e fundo em<\/p>\n","protected":false},"featured_media":9004,"template":"","meta":[],"product_brand":[],"product_cat":[746,741],"product_tag":[487,650,471],"class_list":{"0":"post-3954","1":"product","2":"type-product","3":"status-publish","4":"has-post-thumbnail","6":"product_cat-cinzeiros-papeleiros-diversos-mobiliario-2","7":"product_cat-diversos-mobiliario-2","8":"product_tag-cinzeiro","9":"product_tag-metalico","10":"product_tag-papeleiro","12":"first","13":"instock","14":"taxable","15":"shipping-taxable","16":"purchasable","17":"product-type-simple"},"aioseo_notices":[],"jetpack_sharing_enabled":true,"_links":{"self":[{"href":"https:\/\/officeplan.pt\/pt\/wp-json\/wp\/v2\/product\/3954","targetHints":{"allow":["GET"]}}],"collection":[{"href":"https:\/\/officeplan.pt\/pt\/wp-json\/wp\/v2\/product"}],"about":[{"href":"https:\/\/officeplan.pt\/pt\/wp-json\/wp\/v2\/types\/product"}],"version-history":[{"count":2,"href":"https:\/\/officeplan.pt\/pt\/wp-json\/wp\/v2\/product\/3954\/revisions"}],"predecessor-version":[{"id":9941,"href":"https:\/\/officeplan.pt\/pt\/wp-json\/wp\/v2\/product\/3954\/revisions\/9941"}],"wp:featuredmedia":[{"embeddable":true,"href":"https:\/\/officeplan.pt\/pt\/wp-json\/wp\/v2\/media\/9004"}],"wp:attachment":[{"href":"https:\/\/officeplan.pt\/pt\/wp-json\/wp\/v2\/media?parent=3954"}],"wp:term":[{"taxonomy":"product_brand","embeddable":true,"href":"https:\/\/officeplan.pt\/pt\/wp-json\/wp\/v2\/product_brand?post=3954"},{"taxonomy":"product_cat","embeddable":true,"href":"https:\/\/officeplan.pt\/pt\/wp-json\/wp\/v2\/product_cat?post=3954"},{"taxonomy":"product_tag","embeddable":true,"href":"https:\/\/officeplan.pt\/pt\/wp-json\/wp\/v2\/product_tag?post=3954"}],"curies":[{"name":"wp","href":"https:\/\/api.w.org\/{rel}","templated":true}]}}