{"id":3968,"date":"2016-08-23T21:45:46","date_gmt":"2016-08-23T21:45:46","guid":{"rendered":"https:\/\/b-tech.pt\/?post_type=product&#038;p=3968"},"modified":"2023-04-24T16:03:53","modified_gmt":"2023-04-24T16:03:53","slug":"3968","status":"publish","type":"product","link":"https:\/\/officeplan.pt\/pt\/produto\/3968\/","title":{"rendered":"Cinzeiro papeleiro quadrado, corpo em chapa de a\u00e7o com pintura epoxy a qualquer cor e cabe\u00e7a em a\u00e7o inox"},"content":{"rendered":"<p>Cinzeiro papeleiro quadrado, corpo em chapa de a\u00e7o com pintura epoxy a qualquer cor e cabe\u00e7a em a\u00e7o inox<\/p>\n<p>Cinzeiro Papeleiro Ref. 200\/1 P<\/p>\n<p>Alt. x Lar. x Frente mm \u2013 755x175x183<\/p>\n<p>Capacidade\/ L<br \/>\nCinzeiro &#8211; 2<br \/>\nPapeleira &#8211; 15<\/p>\n<p>Peso \/ Kg \u2013 5<\/p>\n<p>Vol. M3 \u2013 0.024<\/p>\n<p>&nbsp;<\/p>\n<p>Outras Dimens\u00f5es, Cores de Pintura: Pre\u00e7o Sob Consulta<\/p>\n<p>Garantia: 3 Anos<\/p>\n<p>Prazo de Entrega Estimado: 2 a 3 Semanas<\/p>\n","protected":false},"excerpt":{"rendered":"<p>Cinzeiro papeleiro quadrado, corpo em chapa de a\u00e7o com pintura epoxy a qualquer cor e cabe\u00e7a em a\u00e7o inox Cinzeiro<\/p>\n","protected":false},"featured_media":9016,"template":"","meta":[],"product_brand":[],"product_cat":[746,741],"product_tag":[487,780,471],"class_list":{"0":"post-3968","1":"product","2":"type-product","3":"status-publish","4":"has-post-thumbnail","6":"product_cat-cinzeiros-papeleiros-diversos-mobiliario-2","7":"product_cat-diversos-mobiliario-2","8":"product_tag-cinzeiro","9":"product_tag-metalico-pintado","10":"product_tag-papeleiro","12":"first","13":"instock","14":"taxable","15":"shipping-taxable","16":"purchasable","17":"product-type-simple"},"aioseo_notices":[],"jetpack_sharing_enabled":true,"_links":{"self":[{"href":"https:\/\/officeplan.pt\/pt\/wp-json\/wp\/v2\/product\/3968","targetHints":{"allow":["GET"]}}],"collection":[{"href":"https:\/\/officeplan.pt\/pt\/wp-json\/wp\/v2\/product"}],"about":[{"href":"https:\/\/officeplan.pt\/pt\/wp-json\/wp\/v2\/types\/product"}],"version-history":[{"count":2,"href":"https:\/\/officeplan.pt\/pt\/wp-json\/wp\/v2\/product\/3968\/revisions"}],"predecessor-version":[{"id":9953,"href":"https:\/\/officeplan.pt\/pt\/wp-json\/wp\/v2\/product\/3968\/revisions\/9953"}],"wp:featuredmedia":[{"embeddable":true,"href":"https:\/\/officeplan.pt\/pt\/wp-json\/wp\/v2\/media\/9016"}],"wp:attachment":[{"href":"https:\/\/officeplan.pt\/pt\/wp-json\/wp\/v2\/media?parent=3968"}],"wp:term":[{"taxonomy":"product_brand","embeddable":true,"href":"https:\/\/officeplan.pt\/pt\/wp-json\/wp\/v2\/product_brand?post=3968"},{"taxonomy":"product_cat","embeddable":true,"href":"https:\/\/officeplan.pt\/pt\/wp-json\/wp\/v2\/product_cat?post=3968"},{"taxonomy":"product_tag","embeddable":true,"href":"https:\/\/officeplan.pt\/pt\/wp-json\/wp\/v2\/product_tag?post=3968"}],"curies":[{"name":"wp","href":"https:\/\/api.w.org\/{rel}","templated":true}]}}