{"id":3972,"date":"2016-08-23T21:51:30","date_gmt":"2016-08-23T21:51:30","guid":{"rendered":"https:\/\/b-tech.pt\/?post_type=product&#038;p=3972"},"modified":"2023-04-24T16:34:10","modified_gmt":"2023-04-24T16:34:10","slug":"3972","status":"publish","type":"product","link":"https:\/\/officeplan.pt\/pt\/produto\/3972\/","title":{"rendered":"Cinzeiro redondo em a\u00e7o inox escovado com possibilidade de fixa\u00e7\u00e3o ao solo"},"content":{"rendered":"<p>Cinzeiro redondo em a\u00e7o inox escovado com possibilidade de fixa\u00e7\u00e3o ao solo (compativel para exterior)<\/p>\n<p>Cinzeiro Papeleiro Ref. 240\/1 I<\/p>\n<p>Alt. x Diam.\/mm \u2013 800&#215;240<\/p>\n<p>Capacidade\/ L \u2013 3,5<\/p>\n<p>Peso \/ Kg \u201311<\/p>\n<p>Vol. M3 \u2013 0.046<\/p>\n<p>&nbsp;<\/p>\n<p>Outras Dimens\u00f5es, Cores de Pintura: Pre\u00e7o Sob Consulta<\/p>\n<p>Garantia: 3 Anos<\/p>\n<p>Prazo de Entrega Estimado: 2 a 3 Semanas<\/p>\n<p>&nbsp;<\/p>\n","protected":false},"excerpt":{"rendered":"<p>Cinzeiro redondo em a\u00e7o inox escovado com possibilidade de fixa\u00e7\u00e3o ao solo (compativel para exterior) Cinzeiro Papeleiro Ref. 240\/1 I<\/p>\n","protected":false},"featured_media":9020,"template":"","meta":[],"product_brand":[],"product_cat":[746,741],"product_tag":[487,783,779,471],"class_list":{"0":"post-3972","1":"product","2":"type-product","3":"status-publish","4":"has-post-thumbnail","6":"product_cat-cinzeiros-papeleiros-diversos-mobiliario-2","7":"product_cat-diversos-mobiliario-2","8":"product_tag-cinzeiro","9":"product_tag-exteriror","10":"product_tag-inox","11":"product_tag-papeleiro","13":"first","14":"instock","15":"taxable","16":"shipping-taxable","17":"purchasable","18":"product-type-simple"},"aioseo_notices":[],"jetpack_sharing_enabled":true,"_links":{"self":[{"href":"https:\/\/officeplan.pt\/pt\/wp-json\/wp\/v2\/product\/3972","targetHints":{"allow":["GET"]}}],"collection":[{"href":"https:\/\/officeplan.pt\/pt\/wp-json\/wp\/v2\/product"}],"about":[{"href":"https:\/\/officeplan.pt\/pt\/wp-json\/wp\/v2\/types\/product"}],"version-history":[{"count":2,"href":"https:\/\/officeplan.pt\/pt\/wp-json\/wp\/v2\/product\/3972\/revisions"}],"predecessor-version":[{"id":9963,"href":"https:\/\/officeplan.pt\/pt\/wp-json\/wp\/v2\/product\/3972\/revisions\/9963"}],"wp:featuredmedia":[{"embeddable":true,"href":"https:\/\/officeplan.pt\/pt\/wp-json\/wp\/v2\/media\/9020"}],"wp:attachment":[{"href":"https:\/\/officeplan.pt\/pt\/wp-json\/wp\/v2\/media?parent=3972"}],"wp:term":[{"taxonomy":"product_brand","embeddable":true,"href":"https:\/\/officeplan.pt\/pt\/wp-json\/wp\/v2\/product_brand?post=3972"},{"taxonomy":"product_cat","embeddable":true,"href":"https:\/\/officeplan.pt\/pt\/wp-json\/wp\/v2\/product_cat?post=3972"},{"taxonomy":"product_tag","embeddable":true,"href":"https:\/\/officeplan.pt\/pt\/wp-json\/wp\/v2\/product_tag?post=3972"}],"curies":[{"name":"wp","href":"https:\/\/api.w.org\/{rel}","templated":true}]}}