{"id":3978,"date":"2016-08-23T22:00:17","date_gmt":"2016-08-23T22:00:17","guid":{"rendered":"https:\/\/b-tech.pt\/?post_type=product&#038;p=3978"},"modified":"2023-04-24T16:11:41","modified_gmt":"2023-04-24T16:11:41","slug":"3978","status":"publish","type":"product","link":"https:\/\/officeplan.pt\/pt\/produto\/3978\/","title":{"rendered":"Cinzeiro papeleiro mural, corpo em chapa de a\u00e7o com pintura epoxy a qualquer cor e cabe\u00e7a em a\u00e7o inox"},"content":{"rendered":"<p>Cinzeiro papeleiro mural, corpo em chapa de a\u00e7o com pintura epoxy a qualquer cor e cabe\u00e7a em a\u00e7o inox<\/p>\n<p>Cinzeiro Papeleiro Ref. 33\/1 P<\/p>\n<p>Alt. x Lar. x Frente mm \u2013 420x150x315<\/p>\n<p>Capacidade\/ L<br \/>\nCinzeiro \u2013 3<br \/>\nPapeleira \u2013 8<\/p>\n<p>Peso \/ Kg \u2013 4,5<\/p>\n<p>Vol. M3 \u2013 0.020<\/p>\n<p>&nbsp;<\/p>\n<p>Outras Dimens\u00f5es, Cores de Pintura: Pre\u00e7o Sob Consulta<\/p>\n<p>Garantia: 3 Anos<\/p>\n<p>Prazo de Entrega Estimado: 2 a 3 Semanas<\/p>\n<p>&nbsp;<\/p>\n","protected":false},"excerpt":{"rendered":"<p>Cinzeiro papeleiro mural, corpo em chapa de a\u00e7o com pintura epoxy a qualquer cor e cabe\u00e7a em a\u00e7o inox Cinzeiro<\/p>\n","protected":false},"featured_media":9026,"template":"","meta":[],"product_brand":[],"product_cat":[746,741],"product_tag":[487,650,471],"class_list":{"0":"post-3978","1":"product","2":"type-product","3":"status-publish","4":"has-post-thumbnail","6":"product_cat-cinzeiros-papeleiros-diversos-mobiliario-2","7":"product_cat-diversos-mobiliario-2","8":"product_tag-cinzeiro","9":"product_tag-metalico","10":"product_tag-papeleiro","12":"first","13":"instock","14":"taxable","15":"shipping-taxable","16":"purchasable","17":"product-type-simple"},"aioseo_notices":[],"jetpack_sharing_enabled":true,"_links":{"self":[{"href":"https:\/\/officeplan.pt\/pt\/wp-json\/wp\/v2\/product\/3978","targetHints":{"allow":["GET"]}}],"collection":[{"href":"https:\/\/officeplan.pt\/pt\/wp-json\/wp\/v2\/product"}],"about":[{"href":"https:\/\/officeplan.pt\/pt\/wp-json\/wp\/v2\/types\/product"}],"version-history":[{"count":2,"href":"https:\/\/officeplan.pt\/pt\/wp-json\/wp\/v2\/product\/3978\/revisions"}],"predecessor-version":[{"id":9957,"href":"https:\/\/officeplan.pt\/pt\/wp-json\/wp\/v2\/product\/3978\/revisions\/9957"}],"wp:featuredmedia":[{"embeddable":true,"href":"https:\/\/officeplan.pt\/pt\/wp-json\/wp\/v2\/media\/9026"}],"wp:attachment":[{"href":"https:\/\/officeplan.pt\/pt\/wp-json\/wp\/v2\/media?parent=3978"}],"wp:term":[{"taxonomy":"product_brand","embeddable":true,"href":"https:\/\/officeplan.pt\/pt\/wp-json\/wp\/v2\/product_brand?post=3978"},{"taxonomy":"product_cat","embeddable":true,"href":"https:\/\/officeplan.pt\/pt\/wp-json\/wp\/v2\/product_cat?post=3978"},{"taxonomy":"product_tag","embeddable":true,"href":"https:\/\/officeplan.pt\/pt\/wp-json\/wp\/v2\/product_tag?post=3978"}],"curies":[{"name":"wp","href":"https:\/\/api.w.org\/{rel}","templated":true}]}}