{"id":3986,"date":"2016-08-23T22:11:09","date_gmt":"2016-08-23T22:11:09","guid":{"rendered":"https:\/\/b-tech.pt\/?post_type=product&#038;p=3986"},"modified":"2023-04-24T15:43:49","modified_gmt":"2023-04-24T15:43:49","slug":"3986","status":"publish","type":"product","link":"https:\/\/officeplan.pt\/pt\/produto\/3986\/","title":{"rendered":"Cinzeiro de secret\u00e1ria pequeno, totalmente em a\u00e7o inox"},"content":{"rendered":"<p>Cinzeiro de secret\u00e1ria pequeno, totalmente em a\u00e7o inox<\/p>\n<p>Cinzeiro Papeleiro Ref.\u00a021\/5<\/p>\n<p>Alt. x Diam.\/mm \u2013 35&#215;125<\/p>\n<p>Capacidade\/ L \u2013 0.6L<\/p>\n<p>Peso \/ Kg \u2013 1<\/p>\n<p>Vol. M3 \u2013 0.001<\/p>\n<p>&nbsp;<\/p>\n<p>Outras Dimens\u00f5es, Cores de Pintura: Pre\u00e7o Sob Consulta<\/p>\n<p>Garantia: 3 Anos<\/p>\n<p>Prazo de Entrega Estimado: 2 a 3 Semanas<\/p>\n<p>&nbsp;<\/p>\n","protected":false},"excerpt":{"rendered":"<p>Cinzeiro de secret\u00e1ria pequeno, totalmente em a\u00e7o inox Cinzeiro Papeleiro Ref.\u00a021\/5 Alt. x Diam.\/mm \u2013 35&#215;125 Capacidade\/ L \u2013 0.6L<\/p>\n","protected":false},"featured_media":9034,"template":"","meta":[],"product_brand":[],"product_cat":[746,741],"product_tag":[487,650,471,536],"class_list":{"0":"post-3986","1":"product","2":"type-product","3":"status-publish","4":"has-post-thumbnail","6":"product_cat-cinzeiros-papeleiros-diversos-mobiliario-2","7":"product_cat-diversos-mobiliario-2","8":"product_tag-cinzeiro","9":"product_tag-metalico","10":"product_tag-papeleiro","11":"product_tag-secretaria","13":"first","14":"instock","15":"taxable","16":"shipping-taxable","17":"purchasable","18":"product-type-simple"},"aioseo_notices":[],"jetpack_sharing_enabled":true,"_links":{"self":[{"href":"https:\/\/officeplan.pt\/pt\/wp-json\/wp\/v2\/product\/3986","targetHints":{"allow":["GET"]}}],"collection":[{"href":"https:\/\/officeplan.pt\/pt\/wp-json\/wp\/v2\/product"}],"about":[{"href":"https:\/\/officeplan.pt\/pt\/wp-json\/wp\/v2\/types\/product"}],"version-history":[{"count":2,"href":"https:\/\/officeplan.pt\/pt\/wp-json\/wp\/v2\/product\/3986\/revisions"}],"predecessor-version":[{"id":9947,"href":"https:\/\/officeplan.pt\/pt\/wp-json\/wp\/v2\/product\/3986\/revisions\/9947"}],"wp:featuredmedia":[{"embeddable":true,"href":"https:\/\/officeplan.pt\/pt\/wp-json\/wp\/v2\/media\/9034"}],"wp:attachment":[{"href":"https:\/\/officeplan.pt\/pt\/wp-json\/wp\/v2\/media?parent=3986"}],"wp:term":[{"taxonomy":"product_brand","embeddable":true,"href":"https:\/\/officeplan.pt\/pt\/wp-json\/wp\/v2\/product_brand?post=3986"},{"taxonomy":"product_cat","embeddable":true,"href":"https:\/\/officeplan.pt\/pt\/wp-json\/wp\/v2\/product_cat?post=3986"},{"taxonomy":"product_tag","embeddable":true,"href":"https:\/\/officeplan.pt\/pt\/wp-json\/wp\/v2\/product_tag?post=3986"}],"curies":[{"name":"wp","href":"https:\/\/api.w.org\/{rel}","templated":true}]}}