{"id":4002,"date":"2016-08-23T22:33:05","date_gmt":"2016-08-23T22:33:05","guid":{"rendered":"https:\/\/b-tech.pt\/?post_type=product&#038;p=4002"},"modified":"2023-04-25T18:44:24","modified_gmt":"2023-04-25T18:44:24","slug":"4002","status":"publish","type":"product","link":"https:\/\/officeplan.pt\/pt\/produto\/4002\/","title":{"rendered":"Papeleira alta redonda em chapa de a\u00e7o com pintura epoxy a qualquer cor, e aro superior em a\u00e7o inox"},"content":{"rendered":"<p>Papeleira alta redonda em chapa de a\u00e7o com pintura epoxy a qualquer cor, e aro superior em a\u00e7o inox<\/p>\n<p>Papeleira Ref. 480\/2 P<\/p>\n<p>Alt. x Diam.\/mm \u2013 480X250<\/p>\n<p>Capacidade\/ L \u2013 23L<\/p>\n<p>Peso \/ Kg \u2013 2,5<\/p>\n<p>Vol. M3 \u2013 0.03<\/p>\n<p>&nbsp;<\/p>\n<p>Outras Dimens\u00f5es, Cores de Pintura: Pre\u00e7o Sob Consulta<\/p>\n<p>Garantia: 3 Anos<\/p>\n<p>Prazo de Entrega Estimado: 2 a 3 Semanas<\/p>\n","protected":false},"excerpt":{"rendered":"<p>Papeleira alta redonda em chapa de a\u00e7o com pintura epoxy a qualquer cor, e aro superior em a\u00e7o inox Papeleira<\/p>\n","protected":false},"featured_media":9050,"template":"","meta":[],"product_brand":[],"product_cat":[741,747],"product_tag":[530,489,785,488],"class_list":{"0":"post-4002","1":"product","2":"type-product","3":"status-publish","4":"has-post-thumbnail","6":"product_cat-diversos-mobiliario-2","7":"product_cat-papeleiras-diversos-mobiliario-2","8":"product_tag-escritorio","9":"product_tag-lixo","10":"product_tag-metalica","11":"product_tag-papeleira","13":"first","14":"instock","15":"taxable","16":"shipping-taxable","17":"purchasable","18":"product-type-simple"},"aioseo_notices":[],"jetpack_sharing_enabled":true,"_links":{"self":[{"href":"https:\/\/officeplan.pt\/pt\/wp-json\/wp\/v2\/product\/4002","targetHints":{"allow":["GET"]}}],"collection":[{"href":"https:\/\/officeplan.pt\/pt\/wp-json\/wp\/v2\/product"}],"about":[{"href":"https:\/\/officeplan.pt\/pt\/wp-json\/wp\/v2\/types\/product"}],"version-history":[{"count":3,"href":"https:\/\/officeplan.pt\/pt\/wp-json\/wp\/v2\/product\/4002\/revisions"}],"predecessor-version":[{"id":9984,"href":"https:\/\/officeplan.pt\/pt\/wp-json\/wp\/v2\/product\/4002\/revisions\/9984"}],"wp:featuredmedia":[{"embeddable":true,"href":"https:\/\/officeplan.pt\/pt\/wp-json\/wp\/v2\/media\/9050"}],"wp:attachment":[{"href":"https:\/\/officeplan.pt\/pt\/wp-json\/wp\/v2\/media?parent=4002"}],"wp:term":[{"taxonomy":"product_brand","embeddable":true,"href":"https:\/\/officeplan.pt\/pt\/wp-json\/wp\/v2\/product_brand?post=4002"},{"taxonomy":"product_cat","embeddable":true,"href":"https:\/\/officeplan.pt\/pt\/wp-json\/wp\/v2\/product_cat?post=4002"},{"taxonomy":"product_tag","embeddable":true,"href":"https:\/\/officeplan.pt\/pt\/wp-json\/wp\/v2\/product_tag?post=4002"}],"curies":[{"name":"wp","href":"https:\/\/api.w.org\/{rel}","templated":true}]}}